{"id":3288,"date":"2025-05-27T17:25:35","date_gmt":"2025-05-27T20:25:35","guid":{"rendered":"https:\/\/hospedagens.mtzhost.com.br\/sites\/cosbrasil\/?page_id=3288"},"modified":"2025-05-28T10:41:20","modified_gmt":"2025-05-28T13:41:20","slug":"linha-olhos","status":"publish","type":"page","link":"https:\/\/hospedagens.mtzhost.com.br\/sites\/cosbrasil\/linha-olhos\/","title":{"rendered":"Linha Olhos"},"content":{"rendered":"\t\t<div data-elementor-type=\"wp-page\" data-elementor-id=\"3288\" class=\"elementor elementor-3288\">\n\t\t\t\t<div class=\"elementor-element elementor-element-548845c e-con-full elementor-hidden-tablet elementor-hidden-mobile e-flex lakit-col-width-auto-no e-container e-root-container elementor-top-section e-con e-parent\" data-id=\"548845c\" data-element_type=\"container\">\n\t\t<div class=\"elementor-element elementor-element-28ae319 e-con-full e-flex lakit-col-width-auto-no e-container e-con e-child\" data-id=\"28ae319\" data-element_type=\"container\">\n\t\t\t\t<div class=\"elementor-element elementor-element-1982da1 elementor-cta--skin-cover elementor-cta--valign-bottom elementor-bg-transform elementor-bg-transform-zoom-out elementor-widget__width-inherit elementor-animated-content elementor-widget elementor-widget-call-to-action\" data-id=\"1982da1\" data-element_type=\"widget\" data-widget_type=\"call-to-action.default\">\n\t\t\t\t<div class=\"elementor-widget-container\">\n\t\t\t\t\t\t\t<div class=\"elementor-cta\">\n\t\t\t\t\t<div class=\"elementor-cta__bg-wrapper\">\n\t\t\t\t<div class=\"elementor-cta__bg elementor-bg\" style=\"background-image: url(https:\/\/hospedagens.mtzhost.com.br\/sites\/cosbrasil\/wp-content\/uploads\/2025\/05\/Cosbrasil1353.jpg);\"><\/div>\n\t\t\t\t<div class=\"elementor-cta__bg-overlay\"><\/div>\n\t\t\t<\/div>\n\t\t\t\t\t\t\t<div class=\"elementor-cta__content\">\n\t\t\t\t\n\t\t\t\t<h2 class=\"elementor-cta__title elementor-cta__content-item elementor-content-item elementor-animated-item--grow\">Delineador <br>Apont\u00e1vel<\/h2>\n\t\t\t\t\t\t\t\t\t<div class=\"elementor-cta__description elementor-cta__content-item elementor-content-item elementor-animated-item--grow\">\n\t\t\t\t\t\tLINHA OLHOS\t\t\t\t\t<\/div>\n\t\t\t\t\n\t\t\t\t\t\t\t\t\t<div class=\"elementor-cta__button-wrapper elementor-cta__content-item elementor-content-item elementor-animated-item--grow\">\n\t\t\t\t\t<a class=\"elementor-cta__button elementor-button elementor-size-sm\" href=\"https:\/\/hospedagens.mtzhost.com.br\/sites\/cosbrasil\/delineador-apontavel\/\">\n\t\t\t\t\t\tMais informa\u00e7\u00f5es\t\t\t\t\t<\/a>\n\t\t\t\t\t<\/div>\n\t\t\t\t\t\t\t<\/div>\n\t\t\t\t\t\t<\/div>\n\t\t\t\t\t\t<\/div>\n\t\t\t\t<\/div>\n\t\t\t\t<div class=\"elementor-element elementor-element-d2e7b15 elementor-cta--skin-cover elementor-cta--valign-bottom elementor-bg-transform elementor-bg-transform-zoom-out elementor-widget__width-inherit elementor-animated-content elementor-widget elementor-widget-call-to-action\" data-id=\"d2e7b15\" data-element_type=\"widget\" data-widget_type=\"call-to-action.default\">\n\t\t\t\t<div class=\"elementor-widget-container\">\n\t\t\t\t\t\t\t<div class=\"elementor-cta\">\n\t\t\t\t\t<div class=\"elementor-cta__bg-wrapper\">\n\t\t\t\t<div class=\"elementor-cta__bg elementor-bg\" style=\"background-image: url(https:\/\/hospedagens.mtzhost.com.br\/sites\/cosbrasil\/wp-content\/uploads\/2025\/05\/del-retratil.jpg);\"><\/div>\n\t\t\t\t<div class=\"elementor-cta__bg-overlay\"><\/div>\n\t\t\t<\/div>\n\t\t\t\t\t\t\t<div class=\"elementor-cta__content\">\n\t\t\t\t\n\t\t\t\t<h2 class=\"elementor-cta__title elementor-cta__content-item elementor-content-item elementor-animated-item--grow\">Delineador<br>Retr\u00e1til<\/h2>\n\t\t\t\t\t\t\t\t\t<div class=\"elementor-cta__description elementor-cta__content-item elementor-content-item elementor-animated-item--grow\">\n\t\t\t\t\t\tLINHA OLHOS\t\t\t\t\t<\/div>\n\t\t\t\t\n\t\t\t\t\t\t\t\t\t<div class=\"elementor-cta__button-wrapper elementor-cta__content-item elementor-content-item elementor-animated-item--grow\">\n\t\t\t\t\t<a class=\"elementor-cta__button elementor-button elementor-size-sm\" href=\"https:\/\/hospedagens.mtzhost.com.br\/sites\/cosbrasil\/delineador-retratil\/\">\n\t\t\t\t\t\tMais informa\u00e7\u00f5es\t\t\t\t\t<\/a>\n\t\t\t\t\t<\/div>\n\t\t\t\t\t\t\t<\/div>\n\t\t\t\t\t\t<\/div>\n\t\t\t\t\t\t<\/div>\n\t\t\t\t<\/div>\n\t\t\t\t<\/div>\n\t\t<div class=\"elementor-element elementor-element-91c4749 e-con-full e-flex lakit-col-width-auto-no e-container e-con e-child\" data-id=\"91c4749\" data-element_type=\"container\">\n\t\t\t\t<div class=\"elementor-element elementor-element-8d67240 elementor-cta--skin-cover elementor-cta--valign-bottom elementor-bg-transform elementor-bg-transform-zoom-out elementor-widget__width-inherit elementor-animated-content elementor-widget elementor-widget-call-to-action\" data-id=\"8d67240\" data-element_type=\"widget\" data-widget_type=\"call-to-action.default\">\n\t\t\t\t<div class=\"elementor-widget-container\">\n\t\t\t\t\t\t\t<div class=\"elementor-cta\">\n\t\t\t\t\t<div class=\"elementor-cta__bg-wrapper\">\n\t\t\t\t<div class=\"elementor-cta__bg elementor-bg\" style=\"background-image: url(https:\/\/hospedagens.mtzhost.com.br\/sites\/cosbrasil\/wp-content\/uploads\/2025\/05\/caneta_capa2.jpg);\"><\/div>\n\t\t\t\t<div class=\"elementor-cta__bg-overlay\"><\/div>\n\t\t\t<\/div>\n\t\t\t\t\t\t\t<div class=\"elementor-cta__content\">\n\t\t\t\t\n\t\t\t\t<h2 class=\"elementor-cta__title elementor-cta__content-item elementor-content-item elementor-animated-item--grow\">Caneta <br>Delineadora<\/h2>\n\t\t\t\t\t\t\t\t\t<div class=\"elementor-cta__description elementor-cta__content-item elementor-content-item elementor-animated-item--grow\">\n\t\t\t\t\t\tLINHA OLHOS\t\t\t\t\t<\/div>\n\t\t\t\t\n\t\t\t\t\t\t\t\t\t<div class=\"elementor-cta__button-wrapper elementor-cta__content-item elementor-content-item elementor-animated-item--grow\">\n\t\t\t\t\t<a class=\"elementor-cta__button elementor-button elementor-size-sm\" href=\"https:\/\/hospedagens.mtzhost.com.br\/sites\/cosbrasil\/caneta-delineadora\/\">\n\t\t\t\t\t\tMais informa\u00e7\u00f5es\t\t\t\t\t<\/a>\n\t\t\t\t\t<\/div>\n\t\t\t\t\t\t\t<\/div>\n\t\t\t\t\t\t<\/div>\n\t\t\t\t\t\t<\/div>\n\t\t\t\t<\/div>\n\t\t\t\t<\/div>\n\t\t<div class=\"elementor-element elementor-element-707860d e-con-full e-flex lakit-col-width-auto-no e-container e-con e-child\" data-id=\"707860d\" data-element_type=\"container\">\n\t\t\t\t<div class=\"elementor-element elementor-element-833cd6f elementor-cta--skin-cover elementor-cta--valign-bottom elementor-bg-transform elementor-bg-transform-zoom-out elementor-widget__width-inherit elementor-animated-content elementor-widget elementor-widget-call-to-action\" data-id=\"833cd6f\" data-element_type=\"widget\" data-widget_type=\"call-to-action.default\">\n\t\t\t\t<div class=\"elementor-widget-container\">\n\t\t\t\t\t\t\t<div class=\"elementor-cta\">\n\t\t\t\t\t<div class=\"elementor-cta__bg-wrapper\">\n\t\t\t\t<div class=\"elementor-cta__bg elementor-bg\" style=\"background-image: url(https:\/\/hospedagens.mtzhost.com.br\/sites\/cosbrasil\/wp-content\/uploads\/2025\/05\/Cosbrasil1300-1.jpg);\"><\/div>\n\t\t\t\t<div class=\"elementor-cta__bg-overlay\"><\/div>\n\t\t\t<\/div>\n\t\t\t\t\t\t\t<div class=\"elementor-cta__content\">\n\t\t\t\t\n\t\t\t\t<h2 class=\"elementor-cta__title elementor-cta__content-item elementor-content-item elementor-animated-item--grow\">Delineador<br>Gel<\/h2>\n\t\t\t\t\t\t\t\t\t<div class=\"elementor-cta__description elementor-cta__content-item elementor-content-item elementor-animated-item--grow\">\n\t\t\t\t\t\tLINHA OLHOS\t\t\t\t\t<\/div>\n\t\t\t\t\n\t\t\t\t\t\t\t\t\t<div class=\"elementor-cta__button-wrapper elementor-cta__content-item elementor-content-item elementor-animated-item--grow\">\n\t\t\t\t\t<a class=\"elementor-cta__button elementor-button elementor-size-sm\" href=\"https:\/\/hospedagens.mtzhost.com.br\/sites\/cosbrasil\/delineador-gel\/\">\n\t\t\t\t\t\tMais informa\u00e7\u00f5es\t\t\t\t\t<\/a>\n\t\t\t\t\t<\/div>\n\t\t\t\t\t\t\t<\/div>\n\t\t\t\t\t\t<\/div>\n\t\t\t\t\t\t<\/div>\n\t\t\t\t<\/div>\n\t\t\t\t<\/div>\n\t\t<div class=\"elementor-element elementor-element-e2c46e2 e-con-full e-flex lakit-col-width-auto-no e-container e-con e-child\" data-id=\"e2c46e2\" data-element_type=\"container\">\n\t\t\t\t<div class=\"elementor-element elementor-element-64544e0 elementor-cta--skin-cover elementor-cta--valign-bottom elementor-bg-transform elementor-bg-transform-zoom-out elementor-widget__width-inherit elementor-animated-content elementor-widget elementor-widget-call-to-action\" data-id=\"64544e0\" data-element_type=\"widget\" data-widget_type=\"call-to-action.default\">\n\t\t\t\t<div class=\"elementor-widget-container\">\n\t\t\t\t\t\t\t<div class=\"elementor-cta\">\n\t\t\t\t\t<div class=\"elementor-cta__bg-wrapper\">\n\t\t\t\t<div class=\"elementor-cta__bg elementor-bg\" style=\"background-image: url(https:\/\/hospedagens.mtzhost.com.br\/sites\/cosbrasil\/wp-content\/uploads\/2025\/05\/del-liquido.jpg);\"><\/div>\n\t\t\t\t<div class=\"elementor-cta__bg-overlay\"><\/div>\n\t\t\t<\/div>\n\t\t\t\t\t\t\t<div class=\"elementor-cta__content\">\n\t\t\t\t\n\t\t\t\t<h2 class=\"elementor-cta__title elementor-cta__content-item elementor-content-item elementor-animated-item--grow\">Delineador<br>L\u00edquido<\/h2>\n\t\t\t\t\t\t\t\t\t<div class=\"elementor-cta__description elementor-cta__content-item elementor-content-item elementor-animated-item--grow\">\n\t\t\t\t\t\tLINHA OLHOS\t\t\t\t\t<\/div>\n\t\t\t\t\n\t\t\t\t\t\t\t\t\t<div class=\"elementor-cta__button-wrapper elementor-cta__content-item elementor-content-item elementor-animated-item--grow\">\n\t\t\t\t\t<a class=\"elementor-cta__button elementor-button elementor-size-sm\" href=\"https:\/\/hospedagens.mtzhost.com.br\/sites\/cosbrasil\/delineador-liquido\/\">\n\t\t\t\t\t\tMais informa\u00e7\u00f5es\t\t\t\t\t<\/a>\n\t\t\t\t\t<\/div>\n\t\t\t\t\t\t\t<\/div>\n\t\t\t\t\t\t<\/div>\n\t\t\t\t\t\t<\/div>\n\t\t\t\t<\/div>\n\t\t\t\t<\/div>\n\t\t\t\t<\/div>\n\t\t<div class=\"elementor-element elementor-element-f0001db e-con-full elementor-hidden-desktop e-flex lakit-col-width-auto-no e-container e-root-container elementor-top-section e-con e-parent\" data-id=\"f0001db\" data-element_type=\"container\">\n\t\t<div class=\"elementor-element elementor-element-14c5936 e-con-full e-flex lakit-col-width-auto-no e-container e-con e-child\" data-id=\"14c5936\" data-element_type=\"container\">\n\t\t\t\t<div class=\"elementor-element elementor-element-f47e502 elementor-cta--skin-cover elementor-cta--valign-bottom elementor-bg-transform elementor-bg-transform-zoom-out elementor-widget__width-inherit animated-slow elementor-animated-content elementor-invisible elementor-widget elementor-widget-call-to-action\" data-id=\"f47e502\" data-element_type=\"widget\" data-settings=\"{&quot;_animation&quot;:&quot;zoomIn&quot;,&quot;_animation_mobile&quot;:&quot;zoomIn&quot;}\" data-widget_type=\"call-to-action.default\">\n\t\t\t\t<div class=\"elementor-widget-container\">\n\t\t\t\t\t\t\t<div class=\"elementor-cta\">\n\t\t\t\t\t<div class=\"elementor-cta__bg-wrapper\">\n\t\t\t\t<div class=\"elementor-cta__bg elementor-bg\" style=\"background-image: url(https:\/\/hospedagens.mtzhost.com.br\/sites\/cosbrasil\/wp-content\/uploads\/2025\/05\/del-retratil.jpg);\"><\/div>\n\t\t\t\t<div class=\"elementor-cta__bg-overlay\"><\/div>\n\t\t\t<\/div>\n\t\t\t\t\t\t\t<div class=\"elementor-cta__content\">\n\t\t\t\t\n\t\t\t\t<h2 class=\"elementor-cta__title elementor-cta__content-item elementor-content-item elementor-animated-item--grow\">Delineador<br>Retr\u00e1til<\/h2>\n\t\t\t\t\t\t\t\t\t<div class=\"elementor-cta__description elementor-cta__content-item elementor-content-item elementor-animated-item--grow\">\n\t\t\t\t\t\tLINHA OLHOS\t\t\t\t\t<\/div>\n\t\t\t\t\n\t\t\t\t\t\t\t\t\t<div class=\"elementor-cta__button-wrapper elementor-cta__content-item elementor-content-item elementor-animated-item--grow\">\n\t\t\t\t\t<a class=\"elementor-cta__button elementor-button elementor-size-sm\" href=\"https:\/\/hospedagens.mtzhost.com.br\/sites\/cosbrasil\/delineador-retratil\/\">\n\t\t\t\t\t\tMais informa\u00e7\u00f5es\t\t\t\t\t<\/a>\n\t\t\t\t\t<\/div>\n\t\t\t\t\t\t\t<\/div>\n\t\t\t\t\t\t<\/div>\n\t\t\t\t\t\t<\/div>\n\t\t\t\t<\/div>\n\t\t\t\t<\/div>\n\t\t<div class=\"elementor-element elementor-element-2693f78 e-con-full e-flex lakit-col-width-auto-no e-container e-con e-child\" data-id=\"2693f78\" data-element_type=\"container\">\n\t\t\t\t<div class=\"elementor-element elementor-element-93cf2c8 elementor-cta--skin-cover elementor-cta--valign-bottom elementor-bg-transform elementor-bg-transform-zoom-out elementor-widget__width-inherit animated-slow elementor-animated-content elementor-invisible elementor-widget elementor-widget-call-to-action\" data-id=\"93cf2c8\" data-element_type=\"widget\" data-settings=\"{&quot;_animation&quot;:&quot;zoomIn&quot;,&quot;_animation_mobile&quot;:&quot;zoomIn&quot;}\" data-widget_type=\"call-to-action.default\">\n\t\t\t\t<div class=\"elementor-widget-container\">\n\t\t\t\t\t\t\t<div class=\"elementor-cta\">\n\t\t\t\t\t<div class=\"elementor-cta__bg-wrapper\">\n\t\t\t\t<div class=\"elementor-cta__bg elementor-bg\" style=\"background-image: url(https:\/\/hospedagens.mtzhost.com.br\/sites\/cosbrasil\/wp-content\/uploads\/2025\/05\/Cosbrasil1353.jpg);\"><\/div>\n\t\t\t\t<div class=\"elementor-cta__bg-overlay\"><\/div>\n\t\t\t<\/div>\n\t\t\t\t\t\t\t<div class=\"elementor-cta__content\">\n\t\t\t\t\n\t\t\t\t<h2 class=\"elementor-cta__title elementor-cta__content-item elementor-content-item elementor-animated-item--grow\">Delineador <br>Apont\u00e1vel<\/h2>\n\t\t\t\t\t\t\t\t\t<div class=\"elementor-cta__description elementor-cta__content-item elementor-content-item elementor-animated-item--grow\">\n\t\t\t\t\t\tLINHA OLHOS\t\t\t\t\t<\/div>\n\t\t\t\t\n\t\t\t\t\t\t\t\t\t<div class=\"elementor-cta__button-wrapper elementor-cta__content-item elementor-content-item elementor-animated-item--grow\">\n\t\t\t\t\t<a class=\"elementor-cta__button elementor-button elementor-size-sm\" href=\"https:\/\/hospedagens.mtzhost.com.br\/sites\/cosbrasil\/delineador-apontavel\/\">\n\t\t\t\t\t\tMais informa\u00e7\u00f5es\t\t\t\t\t<\/a>\n\t\t\t\t\t<\/div>\n\t\t\t\t\t\t\t<\/div>\n\t\t\t\t\t\t<\/div>\n\t\t\t\t\t\t<\/div>\n\t\t\t\t<\/div>\n\t\t\t\t<\/div>\n\t\t<div class=\"elementor-element elementor-element-508fe3c e-con-full e-flex lakit-col-width-auto-no e-container e-con e-child\" data-id=\"508fe3c\" data-element_type=\"container\">\n\t\t\t\t<div class=\"elementor-element elementor-element-3c516df elementor-cta--skin-cover elementor-cta--valign-bottom elementor-bg-transform elementor-bg-transform-zoom-out elementor-widget__width-inherit animated-slow elementor-animated-content elementor-invisible elementor-widget elementor-widget-call-to-action\" data-id=\"3c516df\" data-element_type=\"widget\" data-settings=\"{&quot;_animation&quot;:&quot;zoomIn&quot;,&quot;_animation_mobile&quot;:&quot;zoomIn&quot;}\" data-widget_type=\"call-to-action.default\">\n\t\t\t\t<div class=\"elementor-widget-container\">\n\t\t\t\t\t\t\t<div class=\"elementor-cta\">\n\t\t\t\t\t<div class=\"elementor-cta__bg-wrapper\">\n\t\t\t\t<div class=\"elementor-cta__bg elementor-bg\" style=\"background-image: url(https:\/\/hospedagens.mtzhost.com.br\/sites\/cosbrasil\/wp-content\/uploads\/2025\/05\/caneta_capa2.jpg);\"><\/div>\n\t\t\t\t<div class=\"elementor-cta__bg-overlay\"><\/div>\n\t\t\t<\/div>\n\t\t\t\t\t\t\t<div class=\"elementor-cta__content\">\n\t\t\t\t\n\t\t\t\t<h2 class=\"elementor-cta__title elementor-cta__content-item elementor-content-item elementor-animated-item--grow\">Caneta <br>Delineadora<\/h2>\n\t\t\t\t\t\t\t\t\t<div class=\"elementor-cta__description elementor-cta__content-item elementor-content-item elementor-animated-item--grow\">\n\t\t\t\t\t\tLINHA OLHOS\t\t\t\t\t<\/div>\n\t\t\t\t\n\t\t\t\t\t\t\t\t\t<div class=\"elementor-cta__button-wrapper elementor-cta__content-item elementor-content-item elementor-animated-item--grow\">\n\t\t\t\t\t<a class=\"elementor-cta__button elementor-button elementor-size-sm\" href=\"https:\/\/hospedagens.mtzhost.com.br\/sites\/cosbrasil\/caneta-delineadora\/\">\n\t\t\t\t\t\tMais informa\u00e7\u00f5es\t\t\t\t\t<\/a>\n\t\t\t\t\t<\/div>\n\t\t\t\t\t\t\t<\/div>\n\t\t\t\t\t\t<\/div>\n\t\t\t\t\t\t<\/div>\n\t\t\t\t<\/div>\n\t\t\t\t<\/div>\n\t\t<div class=\"elementor-element elementor-element-862621d e-con-full e-flex lakit-col-width-auto-no e-container e-con e-child\" data-id=\"862621d\" data-element_type=\"container\">\n\t\t\t\t<div class=\"elementor-element elementor-element-447143f elementor-cta--skin-cover elementor-cta--valign-bottom elementor-bg-transform elementor-bg-transform-zoom-out elementor-widget__width-inherit animated-slow elementor-animated-content elementor-invisible elementor-widget elementor-widget-call-to-action\" data-id=\"447143f\" data-element_type=\"widget\" data-settings=\"{&quot;_animation&quot;:&quot;zoomIn&quot;,&quot;_animation_mobile&quot;:&quot;zoomIn&quot;}\" data-widget_type=\"call-to-action.default\">\n\t\t\t\t<div class=\"elementor-widget-container\">\n\t\t\t\t\t\t\t<div class=\"elementor-cta\">\n\t\t\t\t\t<div class=\"elementor-cta__bg-wrapper\">\n\t\t\t\t<div class=\"elementor-cta__bg elementor-bg\" style=\"background-image: url(https:\/\/hospedagens.mtzhost.com.br\/sites\/cosbrasil\/wp-content\/uploads\/2025\/05\/Cosbrasil1300-1.jpg);\"><\/div>\n\t\t\t\t<div class=\"elementor-cta__bg-overlay\"><\/div>\n\t\t\t<\/div>\n\t\t\t\t\t\t\t<div class=\"elementor-cta__content\">\n\t\t\t\t\n\t\t\t\t<h2 class=\"elementor-cta__title elementor-cta__content-item elementor-content-item elementor-animated-item--grow\">Delineador<br>Gel<\/h2>\n\t\t\t\t\t\t\t\t\t<div class=\"elementor-cta__description elementor-cta__content-item elementor-content-item elementor-animated-item--grow\">\n\t\t\t\t\t\tLINHA OLHOS\t\t\t\t\t<\/div>\n\t\t\t\t\n\t\t\t\t\t\t\t\t\t<div class=\"elementor-cta__button-wrapper elementor-cta__content-item elementor-content-item elementor-animated-item--grow\">\n\t\t\t\t\t<a class=\"elementor-cta__button elementor-button elementor-size-sm\" href=\"https:\/\/hospedagens.mtzhost.com.br\/sites\/cosbrasil\/delineador-gel\/\">\n\t\t\t\t\t\tMais informa\u00e7\u00f5es\t\t\t\t\t<\/a>\n\t\t\t\t\t<\/div>\n\t\t\t\t\t\t\t<\/div>\n\t\t\t\t\t\t<\/div>\n\t\t\t\t\t\t<\/div>\n\t\t\t\t<\/div>\n\t\t\t\t<\/div>\n\t\t<div class=\"elementor-element elementor-element-bedfa4f e-con-full e-flex lakit-col-width-auto-no e-container e-con e-child\" data-id=\"bedfa4f\" data-element_type=\"container\">\n\t\t\t\t<div class=\"elementor-element elementor-element-a4fc84b elementor-cta--skin-cover elementor-cta--valign-bottom elementor-bg-transform elementor-bg-transform-zoom-out elementor-widget__width-inherit animated-slow elementor-animated-content elementor-invisible elementor-widget elementor-widget-call-to-action\" data-id=\"a4fc84b\" data-element_type=\"widget\" data-settings=\"{&quot;_animation&quot;:&quot;zoomIn&quot;,&quot;_animation_mobile&quot;:&quot;zoomIn&quot;}\" data-widget_type=\"call-to-action.default\">\n\t\t\t\t<div class=\"elementor-widget-container\">\n\t\t\t\t\t\t\t<div class=\"elementor-cta\">\n\t\t\t\t\t<div class=\"elementor-cta__bg-wrapper\">\n\t\t\t\t<div class=\"elementor-cta__bg elementor-bg\" style=\"background-image: url(https:\/\/hospedagens.mtzhost.com.br\/sites\/cosbrasil\/wp-content\/uploads\/2025\/05\/del-liquido.jpg);\"><\/div>\n\t\t\t\t<div class=\"elementor-cta__bg-overlay\"><\/div>\n\t\t\t<\/div>\n\t\t\t\t\t\t\t<div class=\"elementor-cta__content\">\n\t\t\t\t\n\t\t\t\t<h2 class=\"elementor-cta__title elementor-cta__content-item elementor-content-item elementor-animated-item--grow\">Delineador<br>L\u00edquido<\/h2>\n\t\t\t\t\t\t\t\t\t<div class=\"elementor-cta__description elementor-cta__content-item elementor-content-item elementor-animated-item--grow\">\n\t\t\t\t\t\tLINHA OLHOS\t\t\t\t\t<\/div>\n\t\t\t\t\n\t\t\t\t\t\t\t\t\t<div class=\"elementor-cta__button-wrapper elementor-cta__content-item elementor-content-item elementor-animated-item--grow\">\n\t\t\t\t\t<a class=\"elementor-cta__button elementor-button elementor-size-sm\" href=\"https:\/\/hospedagens.mtzhost.com.br\/sites\/cosbrasil\/delineador-liquido\/\">\n\t\t\t\t\t\tMais informa\u00e7\u00f5es\t\t\t\t\t<\/a>\n\t\t\t\t\t<\/div>\n\t\t\t\t\t\t\t<\/div>\n\t\t\t\t\t\t<\/div>\n\t\t\t\t\t\t<\/div>\n\t\t\t\t<\/div>\n\t\t\t\t<\/div>\n\t\t\t\t<\/div>\n\t\t\t\t<\/div>\n\t\t","protected":false},"excerpt":{"rendered":"<p>Delineador Apont\u00e1vel LINHA OLHOS Mais informa\u00e7\u00f5es DelineadorRetr\u00e1til LINHA OLHOS Mais informa\u00e7\u00f5es Caneta Delineadora LINHA OLHOS Mais informa\u00e7\u00f5es DelineadorGel LINHA OLHOS Mais informa\u00e7\u00f5es DelineadorL\u00edquido LINHA OLHOS Mais informa\u00e7\u00f5es DelineadorRetr\u00e1til LINHA OLHOS Mais informa\u00e7\u00f5es Delineador Apont\u00e1vel LINHA OLHOS Mais informa\u00e7\u00f5es Caneta Delineadora LINHA OLHOS Mais informa\u00e7\u00f5es DelineadorGel LINHA OLHOS Mais informa\u00e7\u00f5es DelineadorL\u00edquido LINHA OLHOS Mais informa\u00e7\u00f5es<\/p>\n","protected":false},"author":1,"featured_media":0,"parent":0,"menu_order":0,"comment_status":"closed","ping_status":"closed","template":"elementor_header_footer","meta":{"footnotes":""},"class_list":["post-3288","page","type-page","status-publish","hentry"],"_links":{"self":[{"href":"https:\/\/hospedagens.mtzhost.com.br\/sites\/cosbrasil\/wp-json\/wp\/v2\/pages\/3288","targetHints":{"allow":["GET"]}}],"collection":[{"href":"https:\/\/hospedagens.mtzhost.com.br\/sites\/cosbrasil\/wp-json\/wp\/v2\/pages"}],"about":[{"href":"https:\/\/hospedagens.mtzhost.com.br\/sites\/cosbrasil\/wp-json\/wp\/v2\/types\/page"}],"author":[{"embeddable":true,"href":"https:\/\/hospedagens.mtzhost.com.br\/sites\/cosbrasil\/wp-json\/wp\/v2\/users\/1"}],"replies":[{"embeddable":true,"href":"https:\/\/hospedagens.mtzhost.com.br\/sites\/cosbrasil\/wp-json\/wp\/v2\/comments?post=3288"}],"version-history":[{"count":28,"href":"https:\/\/hospedagens.mtzhost.com.br\/sites\/cosbrasil\/wp-json\/wp\/v2\/pages\/3288\/revisions"}],"predecessor-version":[{"id":3412,"href":"https:\/\/hospedagens.mtzhost.com.br\/sites\/cosbrasil\/wp-json\/wp\/v2\/pages\/3288\/revisions\/3412"}],"wp:attachment":[{"href":"https:\/\/hospedagens.mtzhost.com.br\/sites\/cosbrasil\/wp-json\/wp\/v2\/media?parent=3288"}],"curies":[{"name":"wp","href":"https:\/\/api.w.org\/{rel}","templated":true}]}}