{"id":3654,"date":"2025-05-29T09:12:54","date_gmt":"2025-05-29T12:12:54","guid":{"rendered":"https:\/\/hospedagens.mtzhost.com.br\/sites\/cosbrasil\/?page_id=3654"},"modified":"2025-05-29T10:33:55","modified_gmt":"2025-05-29T13:33:55","slug":"sustentabilidade","status":"publish","type":"page","link":"https:\/\/hospedagens.mtzhost.com.br\/sites\/cosbrasil\/sustentabilidade\/","title":{"rendered":"Sustentabilidade"},"content":{"rendered":"\t\t<div data-elementor-type=\"wp-page\" data-elementor-id=\"3654\" class=\"elementor elementor-3654\">\n\t\t\t\t<div class=\"elementor-element elementor-element-da69e6e elementor-hidden-desktop e-flex e-con-boxed lakit-col-width-auto-no e-container e-root-container elementor-top-section e-con e-parent\" data-id=\"da69e6e\" data-element_type=\"container\" data-settings=\"{&quot;background_background&quot;:&quot;classic&quot;}\">\n\t\t\t\t\t<div class=\"e-con-inner\">\n\t\t\t\t<div class=\"elementor-element elementor-element-e29557f elementor-widget elementor-widget-spacer\" data-id=\"e29557f\" data-element_type=\"widget\" data-widget_type=\"spacer.default\">\n\t\t\t\t<div class=\"elementor-widget-container\">\n\t\t\t\t\t\t\t<div class=\"elementor-spacer\">\n\t\t\t<div class=\"elementor-spacer-inner\"><\/div>\n\t\t<\/div>\n\t\t\t\t\t\t<\/div>\n\t\t\t\t<\/div>\n\t\t\t\t<div class=\"elementor-element elementor-element-6de621e elementor-widget elementor-widget-image\" data-id=\"6de621e\" data-element_type=\"widget\" data-widget_type=\"image.default\">\n\t\t\t\t<div class=\"elementor-widget-container\">\n\t\t\t\t\t\t\t\t\t\t\t\t\t\t\t<img fetchpriority=\"high\" decoding=\"async\" width=\"321\" height=\"162\" src=\"https:\/\/hospedagens.mtzhost.com.br\/sites\/cosbrasil\/wp-content\/uploads\/2025\/05\/mao-dadas-futuro.png\" class=\"attachment-full size-full wp-image-3658\" alt=\"\" srcset=\"https:\/\/hospedagens.mtzhost.com.br\/sites\/cosbrasil\/wp-content\/uploads\/2025\/05\/mao-dadas-futuro.png 321w, https:\/\/hospedagens.mtzhost.com.br\/sites\/cosbrasil\/wp-content\/uploads\/2025\/05\/mao-dadas-futuro-300x151.png 300w\" sizes=\"(max-width: 321px) 100vw, 321px\" \/>\t\t\t\t\t\t\t\t\t\t\t\t\t\t\t<\/div>\n\t\t\t\t<\/div>\n\t\t\t\t<div class=\"elementor-element elementor-element-6cdfaf6 elementor-widget elementor-widget-spacer\" data-id=\"6cdfaf6\" data-element_type=\"widget\" data-widget_type=\"spacer.default\">\n\t\t\t\t<div class=\"elementor-widget-container\">\n\t\t\t\t\t\t\t<div class=\"elementor-spacer\">\n\t\t\t<div class=\"elementor-spacer-inner\"><\/div>\n\t\t<\/div>\n\t\t\t\t\t\t<\/div>\n\t\t\t\t<\/div>\n\t\t\t\t\t<\/div>\n\t\t\t\t<\/div>\n\t\t<div class=\"elementor-element elementor-element-8ca9194 elementor-hidden-tablet elementor-hidden-mobile e-flex e-con-boxed lakit-col-width-auto-no e-container e-root-container elementor-top-section e-con e-parent\" data-id=\"8ca9194\" data-element_type=\"container\" data-settings=\"{&quot;background_background&quot;:&quot;classic&quot;}\">\n\t\t\t\t\t<div class=\"e-con-inner\">\n\t\t\t\t<div class=\"elementor-element elementor-element-ee5b972 elementor-widget elementor-widget-image\" data-id=\"ee5b972\" data-element_type=\"widget\" data-widget_type=\"image.default\">\n\t\t\t\t<div class=\"elementor-widget-container\">\n\t\t\t\t\t\t\t\t\t\t\t\t\t\t\t<img fetchpriority=\"high\" decoding=\"async\" width=\"321\" height=\"162\" src=\"https:\/\/hospedagens.mtzhost.com.br\/sites\/cosbrasil\/wp-content\/uploads\/2025\/05\/mao-dadas-futuro.png\" class=\"attachment-full size-full wp-image-3658\" alt=\"\" srcset=\"https:\/\/hospedagens.mtzhost.com.br\/sites\/cosbrasil\/wp-content\/uploads\/2025\/05\/mao-dadas-futuro.png 321w, https:\/\/hospedagens.mtzhost.com.br\/sites\/cosbrasil\/wp-content\/uploads\/2025\/05\/mao-dadas-futuro-300x151.png 300w\" sizes=\"(max-width: 321px) 100vw, 321px\" \/>\t\t\t\t\t\t\t\t\t\t\t\t\t\t\t<\/div>\n\t\t\t\t<\/div>\n\t\t\t\t<div class=\"elementor-element elementor-element-6db48a1 elementor-widget elementor-widget-spacer\" data-id=\"6db48a1\" data-element_type=\"widget\" data-widget_type=\"spacer.default\">\n\t\t\t\t<div class=\"elementor-widget-container\">\n\t\t\t\t\t\t\t<div class=\"elementor-spacer\">\n\t\t\t<div class=\"elementor-spacer-inner\"><\/div>\n\t\t<\/div>\n\t\t\t\t\t\t<\/div>\n\t\t\t\t<\/div>\n\t\t\t\t\t<\/div>\n\t\t\t\t<\/div>\n\t\t<div class=\"elementor-element elementor-element-0bb6c79 e-flex e-con-boxed lakit-col-width-auto-no e-container e-root-container elementor-top-section e-con e-parent\" data-id=\"0bb6c79\" data-element_type=\"container\">\n\t\t\t\t\t<div class=\"e-con-inner\">\n\t\t\t\t<div class=\"elementor-element elementor-element-61bd48d elementor-widget elementor-widget-heading\" data-id=\"61bd48d\" data-element_type=\"widget\" data-widget_type=\"heading.default\">\n\t\t\t\t<div class=\"elementor-widget-container\">\n\t\t\t\t\t<h2 class=\"elementor-heading-title elementor-size-large\">Compromisso para um futuro sustent\u00e1vel<\/h2>\t\t\t\t<\/div>\n\t\t\t\t<\/div>\n\t\t\t\t<div class=\"elementor-element elementor-element-f33e59f elementor-widget elementor-widget-heading\" data-id=\"f33e59f\" data-element_type=\"widget\" data-widget_type=\"heading.default\">\n\t\t\t\t<div class=\"elementor-widget-container\">\n\t\t\t\t\t<h2 class=\"elementor-heading-title elementor-size-large\">BELEZA DO AMANH\u00c3<\/h2>\t\t\t\t<\/div>\n\t\t\t\t<\/div>\n\t\t\t\t\t<\/div>\n\t\t\t\t<\/div>\n\t\t<div class=\"elementor-element elementor-element-f295a2d e-con-full elementor-hidden-desktop e-flex lakit-col-width-auto-no e-container e-root-container elementor-top-section e-con e-parent\" data-id=\"f295a2d\" data-element_type=\"container\">\n\t\t<div class=\"elementor-element elementor-element-2402e4e e-con-full e-flex lakit-col-width-auto-no e-container e-con e-child\" data-id=\"2402e4e\" data-element_type=\"container\">\n\t\t\t\t<div class=\"elementor-element elementor-element-46c583f elementor-widget elementor-widget-text-editor\" data-id=\"46c583f\" data-element_type=\"widget\" data-widget_type=\"text-editor.default\">\n\t\t\t\t<div class=\"elementor-widget-container\">\n\t\t\t\t\t\t\t\t\t<p>Estamos comprometidos em incentivar a consci\u00eancia ambiental n\u00e3o apenas atrav\u00e9s de nossos produtos, mas tamb\u00e9m utilizando o nosso maior ativo: nossos colaboradores<\/p><p>Nossas conex\u00f5es com as comunidades locais s\u00e3o fundamentais. Como parte integrante dessas comunidades, acreditamos que temos o dever de adotar medidas que preservem nosso ambiente e promovam o desenvolvimento sustent\u00e1vel de onde estamos inseridos.<\/p><p>Nosso prop\u00f3sito vai al\u00e9m da melhoria cont\u00ednua em nossa empresa e nossos produtos; buscamos causar um efeito positivo no mundo em geral.<\/p><p>Por meio de iniciativas e programas que se estendem al\u00e9m de nossas opera\u00e7\u00f5es, nos dedicamos a proteger algo maior do que nossas pr\u00f3prias produ\u00e7\u00f5es.<\/p><p>Por essa raz\u00e3o, disponibilizamos parte de nossa \u00e1rea territorial fabril, para conserva\u00e7\u00e3o, manuten\u00e7\u00e3o e florestamento de nossa reserva florestal.<\/p>\t\t\t\t\t\t\t\t<\/div>\n\t\t\t\t<\/div>\n\t\t\t\t<\/div>\n\t\t<div class=\"elementor-element elementor-element-44bd406 e-con-full e-flex lakit-col-width-auto-no e-container e-con e-child\" data-id=\"44bd406\" data-element_type=\"container\" data-settings=\"{&quot;background_background&quot;:&quot;classic&quot;}\">\n\t\t\t\t<div class=\"elementor-element elementor-element-b22f159 elementor-widget elementor-widget-hotspot\" data-id=\"b22f159\" data-element_type=\"widget\" data-settings=\"{&quot;hotspot&quot;:[{&quot;_id&quot;:&quot;6908363&quot;,&quot;hotspot_tooltip_content&quot;:&quot;&lt;p&gt;Reserva Floresta Cosbrasil&lt;\\\/p&gt;&quot;,&quot;hotspot_offset_x&quot;:{&quot;unit&quot;:&quot;%&quot;,&quot;size&quot;:56,&quot;sizes&quot;:[]},&quot;hotspot_offset_y&quot;:{&quot;unit&quot;:&quot;%&quot;,&quot;size&quot;:27,&quot;sizes&quot;:[]},&quot;hotspot_label&quot;:&quot;&quot;,&quot;hotspot_link&quot;:{&quot;url&quot;:&quot;&quot;,&quot;is_external&quot;:&quot;&quot;,&quot;nofollow&quot;:&quot;&quot;,&quot;custom_attributes&quot;:&quot;&quot;},&quot;hotspot_icon&quot;:{&quot;value&quot;:&quot;&quot;,&quot;library&quot;:&quot;&quot;},&quot;hotspot_custom_size&quot;:&quot;no&quot;,&quot;hotspot_horizontal&quot;:&quot;left&quot;,&quot;hotspot_vertical&quot;:&quot;top&quot;,&quot;hotspot_tooltip_position&quot;:&quot;no&quot;,&quot;hotspot_position&quot;:null},{&quot;hotspot_tooltip_content&quot;:&quot;&lt;p&gt;\\u00c1rea Fabril Cosbrasil&lt;\\\/p&gt;&quot;,&quot;hotspot_offset_x&quot;:{&quot;unit&quot;:&quot;%&quot;,&quot;size&quot;:66,&quot;sizes&quot;:[]},&quot;hotspot_offset_y&quot;:{&quot;unit&quot;:&quot;%&quot;,&quot;size&quot;:81,&quot;sizes&quot;:[]},&quot;_id&quot;:&quot;8ea7539&quot;,&quot;hotspot_label&quot;:&quot;&quot;,&quot;hotspot_link&quot;:{&quot;url&quot;:&quot;&quot;,&quot;is_external&quot;:&quot;&quot;,&quot;nofollow&quot;:&quot;&quot;,&quot;custom_attributes&quot;:&quot;&quot;},&quot;hotspot_icon&quot;:{&quot;value&quot;:&quot;&quot;,&quot;library&quot;:&quot;&quot;},&quot;hotspot_custom_size&quot;:&quot;no&quot;,&quot;hotspot_horizontal&quot;:&quot;left&quot;,&quot;hotspot_vertical&quot;:&quot;top&quot;,&quot;hotspot_tooltip_position&quot;:&quot;no&quot;,&quot;hotspot_position&quot;:null}],&quot;hotspot_sequenced_animation&quot;:&quot;no&quot;,&quot;tooltip_position&quot;:&quot;top&quot;,&quot;tooltip_trigger&quot;:&quot;click&quot;,&quot;tooltip_animation&quot;:&quot;e-hotspot--fade-in-out&quot;}\" data-widget_type=\"hotspot.default\">\n\t\t\t\t<div class=\"elementor-widget-container\">\n\t\t\t\t\t<img decoding=\"async\" width=\"692\" height=\"967\" src=\"https:\/\/hospedagens.mtzhost.com.br\/sites\/cosbrasil\/wp-content\/uploads\/2025\/05\/reserva.png\" class=\"attachment-full size-full wp-image-3656\" alt=\"\" srcset=\"https:\/\/hospedagens.mtzhost.com.br\/sites\/cosbrasil\/wp-content\/uploads\/2025\/05\/reserva.png 692w, https:\/\/hospedagens.mtzhost.com.br\/sites\/cosbrasil\/wp-content\/uploads\/2025\/05\/reserva-215x300.png 215w\" sizes=\"(max-width: 692px) 100vw, 692px\" \/>\n\t\t\t\t\t\t<div class=\"e-hotspot elementor-repeater-item-6908363  e-hotspot--position-left e-hotspot--position-top   e-hotspot--circle\">\n\n\t\t\t\t\t\t\t\t<div class=\"e-hotspot__button e-hotspot--expand\">\n\t\t\t\t\t\t\t\t\t\t\t<div class=\"e-hotspot__outer-circle\"><\/div>\n\t\t\t\t\t\t<div class=\"e-hotspot__inner-circle\"><\/div>\n\t\t\t\t\t\t\t\t\t<\/div>\n\n\t\t\t\t\t\t\t\t\t\t\t\t\t\t\t\t\t\t<div class=\"e-hotspot__tooltip  e-hotspot--tooltip-position e-hotspot--fade-in-out \" >\n\t\t\t\t\t\t<p>Reserva Floresta Cosbrasil<\/p>\t\t\t\t\t<\/div>\n\t\t\t\t\t\t\t\t\t\n\t\t\t<\/div>\n\n\t\n\t\t\t\t\t\t<div class=\"e-hotspot elementor-repeater-item-8ea7539  e-hotspot--position-left e-hotspot--position-top   e-hotspot--circle\">\n\n\t\t\t\t\t\t\t\t<div class=\"e-hotspot__button e-hotspot--expand\">\n\t\t\t\t\t\t\t\t\t\t\t<div class=\"e-hotspot__outer-circle\"><\/div>\n\t\t\t\t\t\t<div class=\"e-hotspot__inner-circle\"><\/div>\n\t\t\t\t\t\t\t\t\t<\/div>\n\n\t\t\t\t\t\t\t\t\t\t\t\t\t\t\t\t\t\t<div class=\"e-hotspot__tooltip  e-hotspot--tooltip-position e-hotspot--fade-in-out \" >\n\t\t\t\t\t\t<p>\u00c1rea Fabril Cosbrasil<\/p>\t\t\t\t\t<\/div>\n\t\t\t\t\t\t\t\t\t\n\t\t\t<\/div>\n\n\t\n\t\t\t\t\t\t<\/div>\n\t\t\t\t<\/div>\n\t\t\t\t<\/div>\n\t\t\t\t<\/div>\n\t\t<div class=\"elementor-element elementor-element-aab5ba9 elementor-hidden-tablet elementor-hidden-mobile e-flex e-con-boxed lakit-col-width-auto-no e-container e-root-container elementor-top-section e-con e-parent\" data-id=\"aab5ba9\" data-element_type=\"container\">\n\t\t\t\t\t<div class=\"e-con-inner\">\n\t\t<div class=\"elementor-element elementor-element-c203e38 e-con-full e-flex lakit-col-width-auto-no e-container e-con e-child\" data-id=\"c203e38\" data-element_type=\"container\">\n\t\t\t\t<div class=\"elementor-element elementor-element-9503524 elementor-widget elementor-widget-text-editor\" data-id=\"9503524\" data-element_type=\"widget\" data-widget_type=\"text-editor.default\">\n\t\t\t\t<div class=\"elementor-widget-container\">\n\t\t\t\t\t\t\t\t\t<p>Estamos comprometidos em incentivar a consci\u00eancia ambiental n\u00e3o apenas atrav\u00e9s de nossos produtos, mas tamb\u00e9m utilizando o nosso maior ativo: nossos colaboradores<\/p><p>Nossas conex\u00f5es com as comunidades locais s\u00e3o fundamentais. Como parte integrante dessas comunidades, acreditamos que temos o dever de adotar medidas que preservem nosso ambiente e promovam o desenvolvimento sustent\u00e1vel de onde estamos inseridos.<\/p>\t\t\t\t\t\t\t\t<\/div>\n\t\t\t\t<\/div>\n\t\t\t\t<\/div>\n\t\t<div class=\"elementor-element elementor-element-bab8688 e-con-full e-flex lakit-col-width-auto-no e-container e-con e-child\" data-id=\"bab8688\" data-element_type=\"container\">\n\t\t\t\t<div class=\"elementor-element elementor-element-5b47c57 elementor-widget elementor-widget-text-editor\" data-id=\"5b47c57\" data-element_type=\"widget\" data-widget_type=\"text-editor.default\">\n\t\t\t\t<div class=\"elementor-widget-container\">\n\t\t\t\t\t\t\t\t\t<p>Nosso prop\u00f3sito vai al\u00e9m da melhoria cont\u00ednua em nossa empresa e nossos produtos; buscamos causar um efeito positivo no mundo em geral.<\/p><p>Por meio de iniciativas e programas que se estendem al\u00e9m de nossas opera\u00e7\u00f5es, nos dedicamos a proteger algo maior do que nossas pr\u00f3prias produ\u00e7\u00f5es.<\/p><p>Por essa raz\u00e3o, disponibilizamos parte de nossa \u00e1rea territorial fabril, para conserva\u00e7\u00e3o, manuten\u00e7\u00e3o e florestamento de nossa reserva florestal.<\/p>\t\t\t\t\t\t\t\t<\/div>\n\t\t\t\t<\/div>\n\t\t\t\t<\/div>\n\t\t<div class=\"elementor-element elementor-element-05c7c5c e-con-full e-flex lakit-col-width-auto-no e-container e-con e-child\" data-id=\"05c7c5c\" data-element_type=\"container\" data-settings=\"{&quot;background_background&quot;:&quot;classic&quot;}\">\n\t\t\t\t<div class=\"elementor-element elementor-element-31009cd elementor-widget elementor-widget-hotspot\" data-id=\"31009cd\" data-element_type=\"widget\" data-settings=\"{&quot;hotspot&quot;:[{&quot;_id&quot;:&quot;6908363&quot;,&quot;hotspot_tooltip_content&quot;:&quot;&lt;p&gt;Reserva Floresta Cosbrasil&lt;\\\/p&gt;&quot;,&quot;hotspot_offset_x&quot;:{&quot;unit&quot;:&quot;%&quot;,&quot;size&quot;:56,&quot;sizes&quot;:[]},&quot;hotspot_offset_y&quot;:{&quot;unit&quot;:&quot;%&quot;,&quot;size&quot;:27,&quot;sizes&quot;:[]},&quot;hotspot_label&quot;:&quot;&quot;,&quot;hotspot_link&quot;:{&quot;url&quot;:&quot;&quot;,&quot;is_external&quot;:&quot;&quot;,&quot;nofollow&quot;:&quot;&quot;,&quot;custom_attributes&quot;:&quot;&quot;},&quot;hotspot_icon&quot;:{&quot;value&quot;:&quot;&quot;,&quot;library&quot;:&quot;&quot;},&quot;hotspot_custom_size&quot;:&quot;no&quot;,&quot;hotspot_horizontal&quot;:&quot;left&quot;,&quot;hotspot_vertical&quot;:&quot;top&quot;,&quot;hotspot_tooltip_position&quot;:&quot;no&quot;,&quot;hotspot_position&quot;:null},{&quot;hotspot_tooltip_content&quot;:&quot;&lt;p&gt;\\u00c1rea Fabril Cosbrasil&lt;\\\/p&gt;&quot;,&quot;hotspot_offset_x&quot;:{&quot;unit&quot;:&quot;%&quot;,&quot;size&quot;:66,&quot;sizes&quot;:[]},&quot;hotspot_offset_y&quot;:{&quot;unit&quot;:&quot;%&quot;,&quot;size&quot;:81,&quot;sizes&quot;:[]},&quot;_id&quot;:&quot;8ea7539&quot;,&quot;hotspot_label&quot;:&quot;&quot;,&quot;hotspot_link&quot;:{&quot;url&quot;:&quot;&quot;,&quot;is_external&quot;:&quot;&quot;,&quot;nofollow&quot;:&quot;&quot;,&quot;custom_attributes&quot;:&quot;&quot;},&quot;hotspot_icon&quot;:{&quot;value&quot;:&quot;&quot;,&quot;library&quot;:&quot;&quot;},&quot;hotspot_custom_size&quot;:&quot;no&quot;,&quot;hotspot_horizontal&quot;:&quot;left&quot;,&quot;hotspot_vertical&quot;:&quot;top&quot;,&quot;hotspot_tooltip_position&quot;:&quot;no&quot;,&quot;hotspot_position&quot;:null}],&quot;hotspot_sequenced_animation&quot;:&quot;no&quot;,&quot;tooltip_position&quot;:&quot;top&quot;,&quot;tooltip_trigger&quot;:&quot;click&quot;,&quot;tooltip_animation&quot;:&quot;e-hotspot--fade-in-out&quot;}\" data-widget_type=\"hotspot.default\">\n\t\t\t\t<div class=\"elementor-widget-container\">\n\t\t\t\t\t<img decoding=\"async\" width=\"692\" height=\"967\" src=\"https:\/\/hospedagens.mtzhost.com.br\/sites\/cosbrasil\/wp-content\/uploads\/2025\/05\/reserva.png\" class=\"attachment-full size-full wp-image-3656\" alt=\"\" srcset=\"https:\/\/hospedagens.mtzhost.com.br\/sites\/cosbrasil\/wp-content\/uploads\/2025\/05\/reserva.png 692w, https:\/\/hospedagens.mtzhost.com.br\/sites\/cosbrasil\/wp-content\/uploads\/2025\/05\/reserva-215x300.png 215w\" sizes=\"(max-width: 692px) 100vw, 692px\" \/>\n\t\t\t\t\t\t<div class=\"e-hotspot elementor-repeater-item-6908363  e-hotspot--position-left e-hotspot--position-top   e-hotspot--circle\">\n\n\t\t\t\t\t\t\t\t<div class=\"e-hotspot__button e-hotspot--expand\">\n\t\t\t\t\t\t\t\t\t\t\t<div class=\"e-hotspot__outer-circle\"><\/div>\n\t\t\t\t\t\t<div class=\"e-hotspot__inner-circle\"><\/div>\n\t\t\t\t\t\t\t\t\t<\/div>\n\n\t\t\t\t\t\t\t\t\t\t\t\t\t\t\t\t\t\t<div class=\"e-hotspot__tooltip  e-hotspot--tooltip-position e-hotspot--fade-in-out \" >\n\t\t\t\t\t\t<p>Reserva Floresta Cosbrasil<\/p>\t\t\t\t\t<\/div>\n\t\t\t\t\t\t\t\t\t\n\t\t\t<\/div>\n\n\t\n\t\t\t\t\t\t<div class=\"e-hotspot elementor-repeater-item-8ea7539  e-hotspot--position-left e-hotspot--position-top   e-hotspot--circle\">\n\n\t\t\t\t\t\t\t\t<div class=\"e-hotspot__button e-hotspot--expand\">\n\t\t\t\t\t\t\t\t\t\t\t<div class=\"e-hotspot__outer-circle\"><\/div>\n\t\t\t\t\t\t<div class=\"e-hotspot__inner-circle\"><\/div>\n\t\t\t\t\t\t\t\t\t<\/div>\n\n\t\t\t\t\t\t\t\t\t\t\t\t\t\t\t\t\t\t<div class=\"e-hotspot__tooltip  e-hotspot--tooltip-position e-hotspot--fade-in-out \" >\n\t\t\t\t\t\t<p>\u00c1rea Fabril Cosbrasil<\/p>\t\t\t\t\t<\/div>\n\t\t\t\t\t\t\t\t\t\n\t\t\t<\/div>\n\n\t\n\t\t\t\t\t\t<\/div>\n\t\t\t\t<\/div>\n\t\t\t\t<\/div>\n\t\t\t\t\t<\/div>\n\t\t\t\t<\/div>\n\t\t\t\t<\/div>\n\t\t","protected":false},"excerpt":{"rendered":"<p>Compromisso para um futuro sustent\u00e1vel BELEZA DO AMANH\u00c3 Estamos comprometidos em incentivar a consci\u00eancia ambiental n\u00e3o apenas atrav\u00e9s de nossos produtos, mas tamb\u00e9m utilizando o nosso maior ativo: nossos colaboradores Nossas conex\u00f5es com as comunidades locais s\u00e3o fundamentais. Como parte integrante dessas comunidades, acreditamos que temos o dever de adotar medidas que preservem nosso ambiente [&hellip;]<\/p>\n","protected":false},"author":1,"featured_media":0,"parent":0,"menu_order":0,"comment_status":"closed","ping_status":"closed","template":"elementor_header_footer","meta":{"footnotes":""},"class_list":["post-3654","page","type-page","status-publish","hentry"],"_links":{"self":[{"href":"https:\/\/hospedagens.mtzhost.com.br\/sites\/cosbrasil\/wp-json\/wp\/v2\/pages\/3654","targetHints":{"allow":["GET"]}}],"collection":[{"href":"https:\/\/hospedagens.mtzhost.com.br\/sites\/cosbrasil\/wp-json\/wp\/v2\/pages"}],"about":[{"href":"https:\/\/hospedagens.mtzhost.com.br\/sites\/cosbrasil\/wp-json\/wp\/v2\/types\/page"}],"author":[{"embeddable":true,"href":"https:\/\/hospedagens.mtzhost.com.br\/sites\/cosbrasil\/wp-json\/wp\/v2\/users\/1"}],"replies":[{"embeddable":true,"href":"https:\/\/hospedagens.mtzhost.com.br\/sites\/cosbrasil\/wp-json\/wp\/v2\/comments?post=3654"}],"version-history":[{"count":28,"href":"https:\/\/hospedagens.mtzhost.com.br\/sites\/cosbrasil\/wp-json\/wp\/v2\/pages\/3654\/revisions"}],"predecessor-version":[{"id":3711,"href":"https:\/\/hospedagens.mtzhost.com.br\/sites\/cosbrasil\/wp-json\/wp\/v2\/pages\/3654\/revisions\/3711"}],"wp:attachment":[{"href":"https:\/\/hospedagens.mtzhost.com.br\/sites\/cosbrasil\/wp-json\/wp\/v2\/media?parent=3654"}],"curies":[{"name":"wp","href":"https:\/\/api.w.org\/{rel}","templated":true}]}}