{"id":3106,"date":"2026-01-29T14:59:00","date_gmt":"2026-01-29T17:59:00","guid":{"rendered":"https:\/\/hospedagens.mtzhost.com.br\/sites\/fiberup\/?page_id=3106"},"modified":"2026-04-17T11:27:10","modified_gmt":"2026-04-17T14:27:10","slug":"sobre-nos-2","status":"publish","type":"page","link":"https:\/\/hospedagens.mtzhost.com.br\/sites\/fiberup\/sobre-nos-2\/","title":{"rendered":"Sobre a Fiber Up"},"content":{"rendered":"\t\t<div data-elementor-type=\"wp-page\" data-elementor-id=\"3106\" class=\"elementor elementor-3106\">\n\t\t\t\t<div class=\"elementor-element elementor-element-f08258e e-con-full e-flex lakit-col-width-auto-no e-container e-root-container elementor-top-section e-con e-parent\" data-id=\"f08258e\" data-element_type=\"container\" data-settings=\"{&quot;background_background&quot;:&quot;classic&quot;}\">\n\t\t\t\t<div class=\"elementor-element elementor-element-5162a37 elementor-widget elementor-widget-spacer\" data-id=\"5162a37\" data-element_type=\"widget\" data-widget_type=\"spacer.default\">\n\t\t\t\t<div class=\"elementor-widget-container\">\n\t\t\t\t\t\t\t<div class=\"elementor-spacer\">\n\t\t\t<div class=\"elementor-spacer-inner\"><\/div>\n\t\t<\/div>\n\t\t\t\t\t\t<\/div>\n\t\t\t\t<\/div>\n\t\t\t\t<div class=\"elementor-element elementor-element-493e05d elementor-widget elementor-widget-spacer\" data-id=\"493e05d\" data-element_type=\"widget\" data-widget_type=\"spacer.default\">\n\t\t\t\t<div class=\"elementor-widget-container\">\n\t\t\t\t\t\t\t<div class=\"elementor-spacer\">\n\t\t\t<div class=\"elementor-spacer-inner\"><\/div>\n\t\t<\/div>\n\t\t\t\t\t\t<\/div>\n\t\t\t\t<\/div>\n\t\t\t\t<\/div>\n\t\t<div class=\"elementor-element elementor-element-061c836 e-flex e-con-boxed lakit-col-width-auto-no e-container e-root-container elementor-top-section e-con e-parent\" data-id=\"061c836\" data-element_type=\"container\">\n\t\t\t\t\t<div class=\"e-con-inner\">\n\t\t\t\t<div class=\"elementor-element elementor-element-28d1be6 elementor-widget elementor-widget-heading\" data-id=\"28d1be6\" data-element_type=\"widget\" data-widget_type=\"heading.default\">\n\t\t\t\t<div class=\"elementor-widget-container\">\n\t\t\t\t\t<h2 class=\"elementor-heading-title elementor-size-large\">SOBRE A FIBER UP<\/h2>\t\t\t\t<\/div>\n\t\t\t\t<\/div>\n\t\t\t\t<div class=\"elementor-element elementor-element-b2ce2ab elementor-widget elementor-widget-heading\" data-id=\"b2ce2ab\" data-element_type=\"widget\" data-widget_type=\"heading.default\">\n\t\t\t\t<div class=\"elementor-widget-container\">\n\t\t\t\t\t<h2 class=\"elementor-heading-title elementor-size-large\">Quem Somos<\/h2>\t\t\t\t<\/div>\n\t\t\t\t<\/div>\n\t\t\t\t<div class=\"elementor-element elementor-element-f422e73 elementor-widget-divider--view-line elementor-widget elementor-widget-divider\" data-id=\"f422e73\" data-element_type=\"widget\" data-widget_type=\"divider.default\">\n\t\t\t\t<div class=\"elementor-widget-container\">\n\t\t\t\t\t\t\t<div class=\"elementor-divider\">\n\t\t\t<span class=\"elementor-divider-separator\">\n\t\t\t\t\t\t<\/span>\n\t\t<\/div>\n\t\t\t\t\t\t<\/div>\n\t\t\t\t<\/div>\n\t\t\t\t<div class=\"elementor-element elementor-element-3baf7b1 elementor-widget elementor-widget-spacer\" data-id=\"3baf7b1\" data-element_type=\"widget\" data-widget_type=\"spacer.default\">\n\t\t\t\t<div class=\"elementor-widget-container\">\n\t\t\t\t\t\t\t<div class=\"elementor-spacer\">\n\t\t\t<div class=\"elementor-spacer-inner\"><\/div>\n\t\t<\/div>\n\t\t\t\t\t\t<\/div>\n\t\t\t\t<\/div>\n\t\t\t\t<div class=\"elementor-element elementor-element-d8b05ce elementor-widget__width-initial elementor-widget elementor-widget-text-editor\" data-id=\"d8b05ce\" data-element_type=\"widget\" data-widget_type=\"text-editor.default\">\n\t\t\t\t<div class=\"elementor-widget-container\">\n\t\t\t\t\t\t\t\t\tA FIBER UP TELECOM fornece internet banda larga via fibra \u00f3ptica ou r\u00e1dio. Atuamos no mercado fornecendo servi\u00e7os para residencias, empresas e \u00f3rg\u00e3os p\u00fablicos. Somos focados em tecnologia e inova\u00e7\u00e3o, sempre buscamos a melhor qualidade na presta\u00e7\u00e3o de nossos servi\u00e7os para nosso clientes. Trabalhando na regi\u00e3o Bragantina a FIBER UP TELECOM traz em sua hist\u00f3ria a determina\u00e7\u00e3o dos seus fundadores. Desde o in\u00edcio estivemos em busca de melhorias tanto em tecnologia quanto em qualifica\u00e7\u00e3o da nossa equipe para entregar aos nossos clientes a melhor internet banda langa por fibra \u00f3ptica e via r\u00e1dio. A FIBER UP TELECOM se encontra sempre em expans\u00e3o tecnol\u00f3gica para atingir nosso foco principal que \u00e9 a satisfa\u00e7\u00e3o dos nossos clientes.\n\t\t\t\t\t\t\t\t<\/div>\n\t\t\t\t<\/div>\n\t\t\t\t\t<\/div>\n\t\t\t\t<\/div>\n\t\t<div class=\"elementor-element elementor-element-e47a8a6 e-flex e-con-boxed lakit-col-width-auto-no e-container e-root-container elementor-top-section e-con e-parent\" data-id=\"e47a8a6\" data-element_type=\"container\">\n\t\t\t\t\t<div class=\"e-con-inner\">\n\t\t<div class=\"elementor-element elementor-element-b0499d2 e-con-full e-flex lakit-col-width-auto-no e-container e-con e-child\" data-id=\"b0499d2\" data-element_type=\"container\" data-settings=\"{&quot;background_background&quot;:&quot;classic&quot;}\">\n\t\t\t\t<div class=\"elementor-element elementor-element-fe5fdfa elementor-widget__width-initial elementor-widget-mobile__width-inherit elementor-widget elementor-widget-heading\" data-id=\"fe5fdfa\" data-element_type=\"widget\" data-widget_type=\"heading.default\">\n\t\t\t\t<div class=\"elementor-widget-container\">\n\t\t\t\t\t<h2 class=\"elementor-heading-title elementor-size-default\">Miss\u00e3o<\/h2>\t\t\t\t<\/div>\n\t\t\t\t<\/div>\n\t\t\t\t<div class=\"elementor-element elementor-element-7ac1eed elementor-widget__width-inherit elementor-widget elementor-widget-text-editor\" data-id=\"7ac1eed\" data-element_type=\"widget\" data-widget_type=\"text-editor.default\">\n\t\t\t\t<div class=\"elementor-widget-container\">\n\t\t\t\t\t\t\t\t\t<p>Prover aos clientes acesso a internet com qualidade. Estar em constante aprimoramento nas solu\u00e7\u00f5es tecnol\u00f3gicas contribuindo para o sucesso de pessoas e empresas por meio do nosso trabalho.<\/p>\t\t\t\t\t\t\t\t<\/div>\n\t\t\t\t<\/div>\n\t\t\t\t<\/div>\n\t\t<div class=\"elementor-element elementor-element-79cd152 e-con-full e-flex lakit-col-width-auto-no e-container e-con e-child\" data-id=\"79cd152\" data-element_type=\"container\" data-settings=\"{&quot;background_background&quot;:&quot;classic&quot;}\">\n\t\t\t\t<div class=\"elementor-element elementor-element-9808b5e elementor-widget__width-initial elementor-widget-mobile__width-inherit elementor-widget elementor-widget-heading\" data-id=\"9808b5e\" data-element_type=\"widget\" data-widget_type=\"heading.default\">\n\t\t\t\t<div class=\"elementor-widget-container\">\n\t\t\t\t\t<h2 class=\"elementor-heading-title elementor-size-default\">Vis\u00e3o<\/h2>\t\t\t\t<\/div>\n\t\t\t\t<\/div>\n\t\t\t\t<div class=\"elementor-element elementor-element-9bbbe8b elementor-widget__width-inherit elementor-widget elementor-widget-text-editor\" data-id=\"9bbbe8b\" data-element_type=\"widget\" data-widget_type=\"text-editor.default\">\n\t\t\t\t<div class=\"elementor-widget-container\">\n\t\t\t\t\t\t\t\t\t<p>Qualidade e agilidade de nossos servi\u00e7os, Seguran\u00e7a, Integridade, Credibilidade e comprometimento.<\/p>\t\t\t\t\t\t\t\t<\/div>\n\t\t\t\t<\/div>\n\t\t\t\t<\/div>\n\t\t<div class=\"elementor-element elementor-element-bb14967 e-con-full e-flex lakit-col-width-auto-no e-container e-con e-child\" data-id=\"bb14967\" data-element_type=\"container\" data-settings=\"{&quot;background_background&quot;:&quot;classic&quot;}\">\n\t\t\t\t<div class=\"elementor-element elementor-element-f5aca70 elementor-widget__width-initial elementor-widget-mobile__width-inherit elementor-widget elementor-widget-heading\" data-id=\"f5aca70\" data-element_type=\"widget\" data-widget_type=\"heading.default\">\n\t\t\t\t<div class=\"elementor-widget-container\">\n\t\t\t\t\t<h2 class=\"elementor-heading-title elementor-size-default\">Valores<\/h2>\t\t\t\t<\/div>\n\t\t\t\t<\/div>\n\t\t\t\t<div class=\"elementor-element elementor-element-275f993 elementor-widget__width-inherit elementor-widget elementor-widget-text-editor\" data-id=\"275f993\" data-element_type=\"widget\" data-widget_type=\"text-editor.default\">\n\t\t\t\t<div class=\"elementor-widget-container\">\n\t\t\t\t\t\t\t\t\t<p>Temos como filosofia o respeito e a transpar\u00eancia para com as pessoas, fornecendo produtos e servi\u00e7os de qualidade.<\/p>\t\t\t\t\t\t\t\t<\/div>\n\t\t\t\t<\/div>\n\t\t\t\t<\/div>\n\t\t\t\t\t<\/div>\n\t\t\t\t<\/div>\n\t\t<div class=\"elementor-element elementor-element-53ba001 e-flex e-con-boxed lakit-col-width-auto-no e-container e-root-container elementor-top-section e-con e-parent\" data-id=\"53ba001\" data-element_type=\"container\">\n\t\t\t\t\t<div class=\"e-con-inner\">\n\t\t\t\t<div class=\"elementor-element elementor-element-9296d00 elementor-widget elementor-widget-heading\" data-id=\"9296d00\" data-element_type=\"widget\" data-widget_type=\"heading.default\">\n\t\t\t\t<div class=\"elementor-widget-container\">\n\t\t\t\t\t<h2 class=\"elementor-heading-title elementor-size-large\">INSTITUCIONAL<\/h2>\t\t\t\t<\/div>\n\t\t\t\t<\/div>\n\t\t\t\t<div class=\"elementor-element elementor-element-43f4da2 elementor-widget elementor-widget-heading\" data-id=\"43f4da2\" data-element_type=\"widget\" data-widget_type=\"heading.default\">\n\t\t\t\t<div class=\"elementor-widget-container\">\n\t\t\t\t\t<h2 class=\"elementor-heading-title elementor-size-large\">Suporte e Garantia\n<\/h2>\t\t\t\t<\/div>\n\t\t\t\t<\/div>\n\t\t\t\t<div class=\"elementor-element elementor-element-c104862 elementor-widget-divider--view-line elementor-widget elementor-widget-divider\" data-id=\"c104862\" data-element_type=\"widget\" data-widget_type=\"divider.default\">\n\t\t\t\t<div class=\"elementor-widget-container\">\n\t\t\t\t\t\t\t<div class=\"elementor-divider\">\n\t\t\t<span class=\"elementor-divider-separator\">\n\t\t\t\t\t\t<\/span>\n\t\t<\/div>\n\t\t\t\t\t\t<\/div>\n\t\t\t\t<\/div>\n\t\t\t\t\t<\/div>\n\t\t\t\t<\/div>\n\t\t<div class=\"elementor-element elementor-element-967b155 e-flex e-con-boxed lakit-col-width-auto-no e-container e-root-container elementor-top-section e-con e-parent\" data-id=\"967b155\" data-element_type=\"container\">\n\t\t\t\t\t<div class=\"e-con-inner\">\n\t\t<div class=\"elementor-element elementor-element-fc77629 e-con-full e-flex lakit-col-width-auto-no e-container e-con e-child\" data-id=\"fc77629\" data-element_type=\"container\">\n\t\t\t\t<div class=\"elementor-element elementor-element-5a08971 elementor-widget__width-initial elementor-widget-mobile__width-inherit elementor-widget elementor-widget-heading\" data-id=\"5a08971\" data-element_type=\"widget\" data-widget_type=\"heading.default\">\n\t\t\t\t<div class=\"elementor-widget-container\">\n\t\t\t\t\t<h2 class=\"elementor-heading-title elementor-size-default\">Suporte T\u00e9cnico<\/h2>\t\t\t\t<\/div>\n\t\t\t\t<\/div>\n\t\t\t\t<div class=\"elementor-element elementor-element-a586159 elementor-widget__width-initial elementor-widget elementor-widget-text-editor\" data-id=\"a586159\" data-element_type=\"widget\" data-widget_type=\"text-editor.default\">\n\t\t\t\t<div class=\"elementor-widget-container\">\n\t\t\t\t\t\t\t\t\t<p>Equipe pr\u00f3pria e especializada. Atendimento por telefone\/mensagem (whatsapp) ou no local da instala\u00e7\u00e3o.<\/p><p>Dispomos de agendamento para atendimento t\u00e9cnico.<\/p><p>Para problemas de conex\u00e3o, oferecemos Suporte T\u00e9cnico gratuito, dispon\u00edvel todos os dias da semana, exceto aos domingos e feriados. Disponibilizamos o Suporte OnLine das 8h \u00e0s 17h.<\/p>\t\t\t\t\t\t\t\t<\/div>\n\t\t\t\t<\/div>\n\t\t\t\t<\/div>\n\t\t<div class=\"elementor-element elementor-element-6b10afa e-con-full e-flex lakit-col-width-auto-no e-container e-con e-child\" data-id=\"6b10afa\" data-element_type=\"container\">\n\t\t\t\t<div class=\"elementor-element elementor-element-62a0752 elementor-widget__width-initial elementor-widget-mobile__width-inherit elementor-widget elementor-widget-heading\" data-id=\"62a0752\" data-element_type=\"widget\" data-widget_type=\"heading.default\">\n\t\t\t\t<div class=\"elementor-widget-container\">\n\t\t\t\t\t<h2 class=\"elementor-heading-title elementor-size-default\">Rede Monitorada<\/h2>\t\t\t\t<\/div>\n\t\t\t\t<\/div>\n\t\t\t\t<div class=\"elementor-element elementor-element-c8bfa36 elementor-widget__width-initial elementor-widget elementor-widget-text-editor\" data-id=\"c8bfa36\" data-element_type=\"widget\" data-widget_type=\"text-editor.default\">\n\t\t\t\t<div class=\"elementor-widget-container\">\n\t\t\t\t\t\t\t\t\t<p>Diferenciais que garantem a qualidade e entrega da velocidade de internet contratada:<\/p><p>Rede monitorada 24h por dia.<br \/>Rede Fibra \u00d3ptica ou R\u00e1dio.<br \/>Rede e Equipamentos de \u00faltima gera\u00e7\u00e3o e homologados pela Anatel.<\/p>\t\t\t\t\t\t\t\t<\/div>\n\t\t\t\t<\/div>\n\t\t\t\t<\/div>\n\t\t\t\t\t<\/div>\n\t\t\t\t<\/div>\n\t\t<div class=\"elementor-element elementor-element-d32123b e-con-full e-flex lakit-col-width-auto-no e-container e-root-container elementor-top-section e-con e-parent\" data-id=\"d32123b\" data-element_type=\"container\">\n\t\t\t\t<div class=\"elementor-element elementor-element-03b50e9 elementor-widget elementor-widget-image\" data-id=\"03b50e9\" data-element_type=\"widget\" data-widget_type=\"image.default\">\n\t\t\t\t<div class=\"elementor-widget-container\">\n\t\t\t\t\t\t\t\t\t\t\t\t\t\t\t<img fetchpriority=\"high\" decoding=\"async\" width=\"1920\" height=\"679\" src=\"https:\/\/hospedagens.mtzhost.com.br\/sites\/fiberup\/wp-content\/uploads\/2026\/01\/mapa.jpg\" class=\"attachment-full size-full wp-image-3070\" alt=\"\" \/>\t\t\t\t\t\t\t\t\t\t\t\t\t\t\t<\/div>\n\t\t\t\t<\/div>\n\t\t\t\t<\/div>\n\t\t\t\t<\/div>\n\t\t","protected":false},"excerpt":{"rendered":"<p>SOBRE A FIBER UP Quem Somos A FIBER UP TELECOM fornece internet banda larga via fibra \u00f3ptica ou r\u00e1dio. Atuamos no mercado fornecendo servi\u00e7os para residencias, empresas e \u00f3rg\u00e3os p\u00fablicos. Somos focados em tecnologia e inova\u00e7\u00e3o, sempre buscamos a melhor qualidade na presta\u00e7\u00e3o de nossos servi\u00e7os para nosso clientes. Trabalhando na regi\u00e3o Bragantina a FIBER [&hellip;]<\/p>\n","protected":false},"author":1,"featured_media":0,"parent":0,"menu_order":0,"comment_status":"closed","ping_status":"closed","template":"elementor_header_footer","meta":{"footnotes":""},"class_list":["post-3106","page","type-page","status-publish","hentry"],"_links":{"self":[{"href":"https:\/\/hospedagens.mtzhost.com.br\/sites\/fiberup\/wp-json\/wp\/v2\/pages\/3106","targetHints":{"allow":["GET"]}}],"collection":[{"href":"https:\/\/hospedagens.mtzhost.com.br\/sites\/fiberup\/wp-json\/wp\/v2\/pages"}],"about":[{"href":"https:\/\/hospedagens.mtzhost.com.br\/sites\/fiberup\/wp-json\/wp\/v2\/types\/page"}],"author":[{"embeddable":true,"href":"https:\/\/hospedagens.mtzhost.com.br\/sites\/fiberup\/wp-json\/wp\/v2\/users\/1"}],"replies":[{"embeddable":true,"href":"https:\/\/hospedagens.mtzhost.com.br\/sites\/fiberup\/wp-json\/wp\/v2\/comments?post=3106"}],"version-history":[{"count":16,"href":"https:\/\/hospedagens.mtzhost.com.br\/sites\/fiberup\/wp-json\/wp\/v2\/pages\/3106\/revisions"}],"predecessor-version":[{"id":3429,"href":"https:\/\/hospedagens.mtzhost.com.br\/sites\/fiberup\/wp-json\/wp\/v2\/pages\/3106\/revisions\/3429"}],"wp:attachment":[{"href":"https:\/\/hospedagens.mtzhost.com.br\/sites\/fiberup\/wp-json\/wp\/v2\/media?parent=3106"}],"curies":[{"name":"wp","href":"https:\/\/api.w.org\/{rel}","templated":true}]}}