{"id":3295,"date":"2026-02-02T13:01:34","date_gmt":"2026-02-02T16:01:34","guid":{"rendered":"https:\/\/hospedagens.mtzhost.com.br\/sites\/fiberup\/?page_id=3295"},"modified":"2026-02-02T13:55:23","modified_gmt":"2026-02-02T16:55:23","slug":"contato","status":"publish","type":"page","link":"https:\/\/hospedagens.mtzhost.com.br\/sites\/fiberup\/contato\/","title":{"rendered":"Contato"},"content":{"rendered":"\t\t<div data-elementor-type=\"wp-page\" data-elementor-id=\"3295\" class=\"elementor elementor-3295\">\n\t\t\t\t<div class=\"elementor-element elementor-element-7beaa3b e-flex e-con-boxed lakit-col-width-auto-no e-container e-root-container elementor-top-section e-con e-parent\" data-id=\"7beaa3b\" data-element_type=\"container\" data-settings=\"{&quot;background_background&quot;:&quot;classic&quot;}\">\n\t\t\t\t\t<div class=\"e-con-inner\">\n\t\t\t\t<div class=\"elementor-element elementor-element-8c3d74b elementor-widget__width-inherit elementor-widget elementor-widget-heading\" data-id=\"8c3d74b\" data-element_type=\"widget\" data-widget_type=\"heading.default\">\n\t\t\t\t<div class=\"elementor-widget-container\">\n\t\t\t\t\t<h2 class=\"elementor-heading-title elementor-size-large\">ATENDIMENTO\n<\/h2>\t\t\t\t<\/div>\n\t\t\t\t<\/div>\n\t\t\t\t<div class=\"elementor-element elementor-element-b2f33cc elementor-widget__width-inherit elementor-widget elementor-widget-heading\" data-id=\"b2f33cc\" data-element_type=\"widget\" data-widget_type=\"heading.default\">\n\t\t\t\t<div class=\"elementor-widget-container\">\n\t\t\t\t\t<h2 class=\"elementor-heading-title elementor-size-large\">Fale Conosco<\/h2>\t\t\t\t<\/div>\n\t\t\t\t<\/div>\n\t\t\t\t<div class=\"elementor-element elementor-element-d9dd186 elementor-widget__width-initial elementor-widget-mobile__width-inherit elementor-widget elementor-widget-heading\" data-id=\"d9dd186\" data-element_type=\"widget\" data-widget_type=\"heading.default\">\n\t\t\t\t<div class=\"elementor-widget-container\">\n\t\t\t\t\t<h2 class=\"elementor-heading-title elementor-size-large\">Quer falar com a gente? Nossa equipe de atendimento est\u00e1 sempre dispon\u00edvel e preparada para ajudar voc\u00ea com qualquer d\u00favida!<\/h2>\t\t\t\t<\/div>\n\t\t\t\t<\/div>\n\t\t\t\t<div class=\"elementor-element elementor-element-8da276d elementor-widget__width-inherit elementor-widget elementor-widget-spacer\" data-id=\"8da276d\" data-element_type=\"widget\" data-widget_type=\"spacer.default\">\n\t\t\t\t<div class=\"elementor-widget-container\">\n\t\t\t\t\t\t\t<div class=\"elementor-spacer\">\n\t\t\t<div class=\"elementor-spacer-inner\"><\/div>\n\t\t<\/div>\n\t\t\t\t\t\t<\/div>\n\t\t\t\t<\/div>\n\t\t\t\t\t<\/div>\n\t\t\t\t<\/div>\n\t\t<div class=\"elementor-element elementor-element-d596182 e-flex e-con-boxed lakit-col-width-auto-no e-container e-root-container elementor-top-section e-con e-parent\" data-id=\"d596182\" data-element_type=\"container\">\n\t\t\t\t\t<div class=\"e-con-inner\">\n\t\t<div class=\"elementor-element elementor-element-558c4be e-con-full e-flex lakit-col-width-auto-no e-container e-con e-child\" data-id=\"558c4be\" data-element_type=\"container\">\n\t\t\t\t<div class=\"elementor-element elementor-element-77fee84 elementor-icon-list--layout-traditional elementor-list-item-link-full_width elementor-widget elementor-widget-icon-list\" data-id=\"77fee84\" data-element_type=\"widget\" data-widget_type=\"icon-list.default\">\n\t\t\t\t<div class=\"elementor-widget-container\">\n\t\t\t\t\t\t\t<ul class=\"elementor-icon-list-items\">\n\t\t\t\t\t\t\t<li class=\"elementor-icon-list-item\">\n\t\t\t\t\t\t\t\t\t\t\t<span class=\"elementor-icon-list-icon\">\n\t\t\t\t\t\t\t<svg xmlns=\"http:\/\/www.w3.org\/2000\/svg\" width=\"300\" height=\"300\" viewBox=\"0 0 300 300\" class=\"lakit-font-icon-svg\" data-icon-name=\"phone-call-1\" data-icon-type=\"LaStudioIcons\"><path d=\"M162.9 12v12.3l14.1.6c7.5.6 18 2.1 23.1 3.3 27.3 6.9 51.9 27 64.8 53.1 6.3 12.6 9 24.3 9.9 41.7l.9 14.1h24.6l-.6-15.6c-.9-20.1-4.5-34.5-13.2-51.9-20.4-41.7-60.3-67.2-108-69.3l-15.6-.6V12M24 32.7L-.3 57.3l.6 15.6C5.1 168 62.4 248.4 150.9 283.5c23.4 9.3 49.2 14.7 76.2 16.2l15.6.6 24.6-24.3c13.5-13.5 24.6-25.2 24.6-25.8s-18-18.9-39.6-40.8l-39.6-39.6-18.6 18.9-18.9 18.6-41.4-41.1-41.1-41.4 18.6-18.9 18.9-18.6-39.6-39.6C68.7 26.1 50.4 8.1 49.8 8.1S37.5 19.2 24 32.7m48.9 32.7l21.9 21.9-18.6 18.6-18.9 18.9 59.1 58.8 58.8 59.1 18.9-18.9 18.6-18.6 22.2 22.2 22.2 22.2-12.9 12.9-12.6 12.9-12.3-1.2c-34.5-3.3-64.8-13.5-93.9-31.5-56.7-35.4-94.2-96.3-99.6-162.3l-.9-12 12.6-12.6c6.6-6.9 12.6-12.6 12.9-12.6s10.5 9.9 22.5 22.2m90-2.7V75h8.1c17.1 0 29.7 5.1 39.9 15.9 9.6 10.2 14.1 22.5 14.1 38.7v7.5h24.6V126c0-14.4-1.5-21.3-6.9-33-13.2-27-38.4-42.6-68.7-42.6h-11.1v12.3\" fill=\"currentColor\"\/><\/svg>\t\t\t\t\t\t<\/span>\n\t\t\t\t\t\t\t\t\t\t<span class=\"elementor-icon-list-text\">0800 700 7779<\/span>\n\t\t\t\t\t\t\t\t\t<\/li>\n\t\t\t\t\t\t\t\t<li class=\"elementor-icon-list-item\">\n\t\t\t\t\t\t\t\t\t\t\t<span class=\"elementor-icon-list-icon\">\n\t\t\t\t\t\t\t<svg xmlns=\"http:\/\/www.w3.org\/2000\/svg\" width=\"1024\" height=\"1024\" viewBox=\"0 0 1024 1024\" class=\"lakit-font-icon-svg\" data-icon-name=\"ui-1_email-83\" data-icon-type=\"dlicon\"><path d=\"M992 128H32c-17.664 0-32 14.304-32 32v704c0 17.696 14.336 32 32 32h960c17.664 0 32-14.304 32-32V160c0-17.696-14.336-32-32-32zM64 192h896v108.832l-448 239.84-448-239.84V192zm0 640V373.44l432.896 231.776c4.704 2.528 9.92 3.776 15.104 3.776s10.4-1.248 15.104-3.776L960 373.44V832H64z\" fill=\"currentColor\"\/><\/svg>\t\t\t\t\t\t<\/span>\n\t\t\t\t\t\t\t\t\t\t<span class=\"elementor-icon-list-text\">contato@fiberup.com.br<\/span>\n\t\t\t\t\t\t\t\t\t<\/li>\n\t\t\t\t\t\t\t\t<li class=\"elementor-icon-list-item\">\n\t\t\t\t\t\t\t\t\t\t\t<span class=\"elementor-icon-list-icon\">\n\t\t\t\t\t\t\t<svg xmlns=\"http:\/\/www.w3.org\/2000\/svg\" width=\"300\" height=\"300\" viewBox=\"0 0 300 300\" class=\"lakit-font-icon-svg\" data-icon-name=\"pin-3-2\" data-icon-type=\"LaStudioIcons\"><path d=\"M132.9 1.2C89.1 7.5 51.3 41.4 41.1 83.1c-7.2 30-2.7 56.7 15.9 90.9 17.7 32.1 49.2 73.8 79.2 104.4l13.8 14.1 13.8-14.1c30.3-30.9 62.4-73.5 79.2-105 14.7-27.3 20.1-47.1 19.2-67.8-1.2-16.8-4.5-30-11.4-44.1-20.7-42.3-69-67.2-117.9-60.3m32.7 25.2c33.6 5.7 60.6 30 69 62.4 3.3 12.9 3.3 29.7 0 41.7-6 21-24.6 53.1-50.4 85.8-13.5 17.7-32.7 39.9-34.2 39.9s-20.7-22.5-34.8-40.5c-25.2-32.4-43.8-64.2-49.8-85.2-7.2-26.7.9-58.2 20.7-78.3C107.4 30 135.3 21 165.6 26.4m-22.8 36.9c-13.8 1.5-29.4 12.3-36.3 24.9-10.8 19.2-7.2 43.5 8.4 59.4 28.8 28.8 78 12.6 84.3-27.9 3.9-23.7-11.7-48-35.1-54.9-5.7-1.8-13.5-2.4-21.3-1.5m20.4 28.2c2.7 1.8 6 5.1 7.8 7.8 2.7 3.9 3 5.7 3 13.2s-.3 9.3-3.3 13.5c-1.5 2.4-5.1 6-7.5 7.5-3.6 2.7-5.7 3-13.2 3s-9.6-.3-13.2-3c-13.2-9-15.3-27.3-4.2-38.4 5.4-5.7 10.2-7.2 18.6-6.9 6 .3 8.7.9 12 3.3\" fill=\"currentColor\"\/><\/svg>\t\t\t\t\t\t<\/span>\n\t\t\t\t\t\t\t\t\t\t<span class=\"elementor-icon-list-text\">Avenida Marcelo Stefani 138, Jardim do Lago, Bragan\u00e7a Paulista | SP<\/span>\n\t\t\t\t\t\t\t\t\t<\/li>\n\t\t\t\t\t\t<\/ul>\n\t\t\t\t\t\t<\/div>\n\t\t\t\t<\/div>\n\t\t\t\t<div class=\"elementor-element elementor-element-3df8e42 elementor-widget elementor-widget-spacer\" data-id=\"3df8e42\" data-element_type=\"widget\" data-widget_type=\"spacer.default\">\n\t\t\t\t<div class=\"elementor-widget-container\">\n\t\t\t\t\t\t\t<div class=\"elementor-spacer\">\n\t\t\t<div class=\"elementor-spacer-inner\"><\/div>\n\t\t<\/div>\n\t\t\t\t\t\t<\/div>\n\t\t\t\t<\/div>\n\t\t\t\t<div class=\"elementor-element elementor-element-884e2b4 elementor-widget__width-initial elementor-widget-mobile__width-inherit elementor-widget elementor-widget-heading\" data-id=\"884e2b4\" data-element_type=\"widget\" data-widget_type=\"heading.default\">\n\t\t\t\t<div class=\"elementor-widget-container\">\n\t\t\t\t\t<h2 class=\"elementor-heading-title elementor-size-large\">Hor\u00e1rios de Atendimento\n<\/h2>\t\t\t\t<\/div>\n\t\t\t\t<\/div>\n\t\t\t\t<div class=\"elementor-element elementor-element-159daa1 elementor-icon-list--layout-traditional elementor-list-item-link-full_width elementor-widget elementor-widget-icon-list\" data-id=\"159daa1\" data-element_type=\"widget\" data-widget_type=\"icon-list.default\">\n\t\t\t\t<div class=\"elementor-widget-container\">\n\t\t\t\t\t\t\t<ul class=\"elementor-icon-list-items\">\n\t\t\t\t\t\t\t<li class=\"elementor-icon-list-item\">\n\t\t\t\t\t\t\t\t\t\t\t<span class=\"elementor-icon-list-icon\">\n\t\t\t\t\t\t\t<svg aria-hidden=\"true\" class=\"e-font-icon-svg e-far-clock\" viewBox=\"0 0 512 512\" xmlns=\"http:\/\/www.w3.org\/2000\/svg\"><path d=\"M256 8C119 8 8 119 8 256s111 248 248 248 248-111 248-248S393 8 256 8zm0 448c-110.5 0-200-89.5-200-200S145.5 56 256 56s200 89.5 200 200-89.5 200-200 200zm61.8-104.4l-84.9-61.7c-3.1-2.3-4.9-5.9-4.9-9.7V116c0-6.6 5.4-12 12-12h32c6.6 0 12 5.4 12 12v141.7l66.8 48.6c5.4 3.9 6.5 11.4 2.6 16.8L334.6 349c-3.9 5.3-11.4 6.5-16.8 2.6z\"><\/path><\/svg>\t\t\t\t\t\t<\/span>\n\t\t\t\t\t\t\t\t\t\t<span class=\"elementor-icon-list-text\">Segunda a Sexta <br>8h30 \u00e0s 12h00 e 13h30 \u00e0s 18h<\/span>\n\t\t\t\t\t\t\t\t\t<\/li>\n\t\t\t\t\t\t\t\t<li class=\"elementor-icon-list-item\">\n\t\t\t\t\t\t\t\t\t\t\t<span class=\"elementor-icon-list-icon\">\n\t\t\t\t\t\t\t<svg aria-hidden=\"true\" class=\"e-font-icon-svg e-far-clock\" viewBox=\"0 0 512 512\" xmlns=\"http:\/\/www.w3.org\/2000\/svg\"><path d=\"M256 8C119 8 8 119 8 256s111 248 248 248 248-111 248-248S393 8 256 8zm0 448c-110.5 0-200-89.5-200-200S145.5 56 256 56s200 89.5 200 200-89.5 200-200 200zm61.8-104.4l-84.9-61.7c-3.1-2.3-4.9-5.9-4.9-9.7V116c0-6.6 5.4-12 12-12h32c6.6 0 12 5.4 12 12v141.7l66.8 48.6c5.4 3.9 6.5 11.4 2.6 16.8L334.6 349c-3.9 5.3-11.4 6.5-16.8 2.6z\"><\/path><\/svg>\t\t\t\t\t\t<\/span>\n\t\t\t\t\t\t\t\t\t\t<span class=\"elementor-icon-list-text\">S\u00e1bado <br>8h30 \u00e0s 13h<\/span>\n\t\t\t\t\t\t\t\t\t<\/li>\n\t\t\t\t\t\t<\/ul>\n\t\t\t\t\t\t<\/div>\n\t\t\t\t<\/div>\n\t\t\t\t<\/div>\n\t\t<div class=\"elementor-element elementor-element-9fd338a e-con-full e-flex lakit-col-width-auto-no e-container e-con e-child\" data-id=\"9fd338a\" data-element_type=\"container\">\n\t\t\t\t<div class=\"elementor-element elementor-element-9c97f67 elementor-widget__width-initial elementor-widget-mobile__width-inherit elementor-widget elementor-widget-heading\" data-id=\"9c97f67\" data-element_type=\"widget\" data-widget_type=\"heading.default\">\n\t\t\t\t<div class=\"elementor-widget-container\">\n\t\t\t\t\t<h2 class=\"elementor-heading-title elementor-size-large\">Formul\u00e1rio de Contato<\/h2>\t\t\t\t<\/div>\n\t\t\t\t<\/div>\n\t\t\t\t<div class=\"elementor-element elementor-element-e7846a2 elementor-widget-mobile__width-inherit elementor-button-align-stretch elementor-widget elementor-widget-form\" data-id=\"e7846a2\" data-element_type=\"widget\" data-settings=\"{&quot;step_next_label&quot;:&quot;Next&quot;,&quot;step_previous_label&quot;:&quot;Previous&quot;,&quot;button_width&quot;:&quot;100&quot;,&quot;step_type&quot;:&quot;number_text&quot;,&quot;step_icon_shape&quot;:&quot;circle&quot;}\" data-widget_type=\"form.default\">\n\t\t\t\t<div class=\"elementor-widget-container\">\n\t\t\t\t\t\t\t<form class=\"elementor-form\" method=\"post\" name=\"New Form\">\n\t\t\t<input type=\"hidden\" name=\"post_id\" value=\"3295\"\/>\n\t\t\t<input type=\"hidden\" name=\"form_id\" value=\"e7846a2\"\/>\n\t\t\t<input type=\"hidden\" name=\"referer_title\" value=\"\" \/>\n\n\t\t\t\n\t\t\t<div class=\"elementor-form-fields-wrapper elementor-labels-above\">\n\t\t\t\t\t\t\t\t<div class=\"elementor-field-type-text elementor-field-group elementor-column elementor-field-group-nome elementor-col-100\">\n\t\t\t\t\t\t\t\t\t\t\t\t\t<input size=\"1\" type=\"text\" name=\"form_fields[nome]\" id=\"form-field-nome\" class=\"elementor-field elementor-size-sm  elementor-field-textual\" placeholder=\"Nome\">\n\t\t\t\t\t\t\t\t\t\t\t<\/div>\n\t\t\t\t\t\t\t\t<div class=\"elementor-field-type-text elementor-field-group elementor-column elementor-field-group-CNPJ elementor-col-100\">\n\t\t\t\t\t\t\t\t\t\t\t\t\t<input size=\"1\" type=\"text\" name=\"form_fields[CNPJ]\" id=\"form-field-CNPJ\" class=\"elementor-field elementor-size-sm  elementor-field-textual\" placeholder=\"CPF \/ CNPJ\">\n\t\t\t\t\t\t\t\t\t\t\t<\/div>\n\t\t\t\t\t\t\t\t<div class=\"elementor-field-type-text elementor-field-group elementor-column elementor-field-group-empresa elementor-col-100\">\n\t\t\t\t\t\t\t\t\t\t\t\t\t<input size=\"1\" type=\"text\" name=\"form_fields[empresa]\" id=\"form-field-empresa\" class=\"elementor-field elementor-size-sm  elementor-field-textual\" placeholder=\"Empresa\">\n\t\t\t\t\t\t\t\t\t\t\t<\/div>\n\t\t\t\t\t\t\t\t<div class=\"elementor-field-type-email elementor-field-group elementor-column elementor-field-group-email elementor-col-100 elementor-field-required\">\n\t\t\t\t\t\t\t\t\t\t\t\t\t<input size=\"1\" type=\"email\" name=\"form_fields[email]\" id=\"form-field-email\" class=\"elementor-field elementor-size-sm  elementor-field-textual\" placeholder=\"Email\" required=\"required\" aria-required=\"true\">\n\t\t\t\t\t\t\t\t\t\t\t<\/div>\n\t\t\t\t\t\t\t\t<div class=\"elementor-field-type-select elementor-field-group elementor-column elementor-field-group-relacao elementor-col-100 elementor-field-required\">\n\t\t\t\t\t\t\t\t\t\t\t\t<label for=\"form-field-relacao\" class=\"elementor-field-label\">\n\t\t\t\t\t\t\t\tRela\u00e7\u00e3o com a Camisaria Nacional\t\t\t\t\t\t\t<\/label>\n\t\t\t\t\t\t\t\t<div class=\"elementor-field elementor-select-wrapper \">\n\t\t\t<select name=\"form_fields[relacao]\" id=\"form-field-relacao\" class=\"elementor-field-textual elementor-size-sm\" required=\"required\" aria-required=\"true\">\n\t\t\t\t\t\t\t\t\t<option value=\"Fornecedor\">Fornecedor<\/option>\n\t\t\t\t\t\t\t\t\t<option value=\"Cliente\">Cliente<\/option>\n\t\t\t\t\t\t\t\t\t<option value=\"Outros\">Outros<\/option>\n\t\t\t\t\t\t\t<\/select>\n\t\t<\/div>\n\t\t\t\t\t\t<\/div>\n\t\t\t\t\t\t\t\t<div class=\"elementor-field-type-email elementor-field-group elementor-column elementor-field-group-telefone elementor-col-100 elementor-field-required\">\n\t\t\t\t\t\t\t\t\t\t\t\t\t<input size=\"1\" type=\"email\" name=\"form_fields[telefone]\" id=\"form-field-telefone\" class=\"elementor-field elementor-size-sm  elementor-field-textual\" placeholder=\"Telefone\" required=\"required\" aria-required=\"true\">\n\t\t\t\t\t\t\t\t\t\t\t<\/div>\n\t\t\t\t\t\t\t\t<div class=\"elementor-field-type-textarea elementor-field-group elementor-column elementor-field-group-mensagem elementor-col-100\">\n\t\t\t\t\t<textarea class=\"elementor-field-textual elementor-field  elementor-size-sm\" name=\"form_fields[mensagem]\" id=\"form-field-mensagem\" rows=\"4\" placeholder=\"Mensagem\"><\/textarea>\t\t\t\t<\/div>\n\t\t\t\t\t\t\t\t<div class=\"elementor-field-group elementor-column elementor-field-type-submit elementor-col-100 e-form__buttons\">\n\t\t\t\t\t<button type=\"submit\" class=\"elementor-button elementor-size-sm\">\n\t\t\t\t\t\t<span >\n\t\t\t\t\t\t\t\t\t\t\t\t\t\t\t<span class=\" elementor-button-icon\">\n\t\t\t\t\t\t\t\t\t\t\t\t\t\t\t\t\t\t\t\t\t\t\t\t\t\t<\/span>\n\t\t\t\t\t\t\t\t\t\t\t\t\t\t\t\t\t\t\t\t\t\t<span class=\"elementor-button-text\">Enviar<\/span>\n\t\t\t\t\t\t\t\t\t\t\t\t\t<\/span>\n\t\t\t\t\t<\/button>\n\t\t\t\t<\/div>\n\t\t\t<\/div>\n\t\t<\/form>\n\t\t\t\t\t\t<\/div>\n\t\t\t\t<\/div>\n\t\t\t\t<\/div>\n\t\t\t\t\t<\/div>\n\t\t\t\t<\/div>\n\t\t<div class=\"elementor-element elementor-element-d32123b e-con-full e-flex lakit-col-width-auto-no e-container e-root-container elementor-top-section e-con e-parent\" data-id=\"d32123b\" data-element_type=\"container\">\n\t\t\t\t<div class=\"elementor-element elementor-element-03b50e9 elementor-widget elementor-widget-image\" data-id=\"03b50e9\" data-element_type=\"widget\" data-widget_type=\"image.default\">\n\t\t\t\t<div class=\"elementor-widget-container\">\n\t\t\t\t\t\t\t\t\t\t\t\t\t\t\t<img fetchpriority=\"high\" decoding=\"async\" width=\"1920\" height=\"679\" src=\"https:\/\/hospedagens.mtzhost.com.br\/sites\/fiberup\/wp-content\/uploads\/2026\/01\/mapa.jpg\" class=\"attachment-full size-full wp-image-3070\" alt=\"\" \/>\t\t\t\t\t\t\t\t\t\t\t\t\t\t\t<\/div>\n\t\t\t\t<\/div>\n\t\t\t\t<\/div>\n\t\t\t\t<\/div>\n\t\t","protected":false},"excerpt":{"rendered":"<p>ATENDIMENTO Fale Conosco Quer falar com a gente? Nossa equipe de atendimento est\u00e1 sempre dispon\u00edvel e preparada para ajudar voc\u00ea com qualquer d\u00favida! 0800 700 7779 contato@fiberup.com.br Avenida Marcelo Stefani 138, Jardim do Lago, Bragan\u00e7a Paulista | SP Hor\u00e1rios de Atendimento Segunda a Sexta 8h30 \u00e0s 12h00 e 13h30 \u00e0s 18h S\u00e1bado 8h30 \u00e0s 13h [&hellip;]<\/p>\n","protected":false},"author":1,"featured_media":0,"parent":0,"menu_order":0,"comment_status":"closed","ping_status":"closed","template":"elementor_header_footer","meta":{"footnotes":""},"class_list":["post-3295","page","type-page","status-publish","hentry"],"_links":{"self":[{"href":"https:\/\/hospedagens.mtzhost.com.br\/sites\/fiberup\/wp-json\/wp\/v2\/pages\/3295","targetHints":{"allow":["GET"]}}],"collection":[{"href":"https:\/\/hospedagens.mtzhost.com.br\/sites\/fiberup\/wp-json\/wp\/v2\/pages"}],"about":[{"href":"https:\/\/hospedagens.mtzhost.com.br\/sites\/fiberup\/wp-json\/wp\/v2\/types\/page"}],"author":[{"embeddable":true,"href":"https:\/\/hospedagens.mtzhost.com.br\/sites\/fiberup\/wp-json\/wp\/v2\/users\/1"}],"replies":[{"embeddable":true,"href":"https:\/\/hospedagens.mtzhost.com.br\/sites\/fiberup\/wp-json\/wp\/v2\/comments?post=3295"}],"version-history":[{"count":13,"href":"https:\/\/hospedagens.mtzhost.com.br\/sites\/fiberup\/wp-json\/wp\/v2\/pages\/3295\/revisions"}],"predecessor-version":[{"id":3334,"href":"https:\/\/hospedagens.mtzhost.com.br\/sites\/fiberup\/wp-json\/wp\/v2\/pages\/3295\/revisions\/3334"}],"wp:attachment":[{"href":"https:\/\/hospedagens.mtzhost.com.br\/sites\/fiberup\/wp-json\/wp\/v2\/media?parent=3295"}],"curies":[{"name":"wp","href":"https:\/\/api.w.org\/{rel}","templated":true}]}}