{"id":3387,"date":"2025-05-28T10:25:16","date_gmt":"2025-05-28T13:25:16","guid":{"rendered":"https:\/\/hospedagens.mtzhost.com.br\/sites\/htncard\/?page_id=3387"},"modified":"2025-06-02T09:56:08","modified_gmt":"2025-06-02T12:56:08","slug":"linha-labios","status":"publish","type":"page","link":"https:\/\/hospedagens.mtzhost.com.br\/sites\/htncard\/linha-labios\/","title":{"rendered":"Linha L\u00e1bios"},"content":{"rendered":"\t\t<div data-elementor-type=\"wp-page\" data-elementor-id=\"3387\" class=\"elementor elementor-3387\">\n\t\t\t\t<div class=\"elementor-element elementor-element-548845c e-con-full elementor-hidden-tablet e-flex lakit-col-width-auto-no e-container e-root-container elementor-top-section e-con e-parent\" data-id=\"548845c\" data-element_type=\"container\">\n\t\t<div class=\"elementor-element elementor-element-e2c46e2 e-con-full e-flex lakit-col-width-auto-no e-container e-con e-child\" data-id=\"e2c46e2\" data-element_type=\"container\">\n\t\t\t\t<div class=\"elementor-element elementor-element-64544e0 elementor-cta--skin-cover elementor-cta--valign-bottom elementor-bg-transform elementor-bg-transform-zoom-out elementor-widget__width-inherit elementor-animated-content elementor-widget elementor-widget-call-to-action\" data-id=\"64544e0\" data-element_type=\"widget\" data-widget_type=\"call-to-action.default\">\n\t\t\t\t<div class=\"elementor-widget-container\">\n\t\t\t\t\t\t\t<div class=\"elementor-cta\">\n\t\t\t\t\t<div class=\"elementor-cta__bg-wrapper\">\n\t\t\t\t<div class=\"elementor-cta__bg elementor-bg\" style=\"background-image: url(https:\/\/hospedagens.mtzhost.com.br\/sites\/htncard\/wp-content\/uploads\/2025\/05\/Cosbrasil1279.jpg);\"><\/div>\n\t\t\t\t<div class=\"elementor-cta__bg-overlay\"><\/div>\n\t\t\t<\/div>\n\t\t\t\t\t\t\t<div class=\"elementor-cta__content\">\n\t\t\t\t\n\t\t\t\t<h2 class=\"elementor-cta__title elementor-cta__content-item elementor-content-item elementor-animated-item--grow\">Delineador<br>Retr\u00e1til<\/h2>\n\t\t\t\t\t\t\t\t\t<div class=\"elementor-cta__description elementor-cta__content-item elementor-content-item elementor-animated-item--grow\">\n\t\t\t\t\t\tLINHA L\u00c1BIOS\t\t\t\t\t<\/div>\n\t\t\t\t\n\t\t\t\t\t\t\t\t\t<div class=\"elementor-cta__button-wrapper elementor-cta__content-item elementor-content-item elementor-animated-item--grow\">\n\t\t\t\t\t<a class=\"elementor-cta__button elementor-button elementor-size-sm\" href=\"https:\/\/hospedagens.mtzhost.com.br\/sites\/htncard\/delineador-retratil-labios\/\">\n\t\t\t\t\t\tMais informa\u00e7\u00f5es\t\t\t\t\t<\/a>\n\t\t\t\t\t<\/div>\n\t\t\t\t\t\t\t<\/div>\n\t\t\t\t\t\t<\/div>\n\t\t\t\t\t\t<\/div>\n\t\t\t\t<\/div>\n\t\t\t\t<\/div>\n\t\t<div class=\"elementor-element elementor-element-91c4749 e-con-full e-flex lakit-col-width-auto-no e-container e-con e-child\" data-id=\"91c4749\" data-element_type=\"container\">\n\t\t\t\t<div class=\"elementor-element elementor-element-8d67240 elementor-cta--skin-cover elementor-cta--valign-bottom elementor-bg-transform elementor-bg-transform-zoom-out elementor-widget__width-inherit elementor-animated-content elementor-widget elementor-widget-call-to-action\" data-id=\"8d67240\" data-element_type=\"widget\" data-widget_type=\"call-to-action.default\">\n\t\t\t\t<div class=\"elementor-widget-container\">\n\t\t\t\t\t\t\t<div class=\"elementor-cta\">\n\t\t\t\t\t<div class=\"elementor-cta__bg-wrapper\">\n\t\t\t\t<div class=\"elementor-cta__bg elementor-bg\" style=\"background-image: url(https:\/\/hospedagens.mtzhost.com.br\/sites\/htncard\/wp-content\/uploads\/2025\/05\/lapis-apontavel.jpg);\"><\/div>\n\t\t\t\t<div class=\"elementor-cta__bg-overlay\"><\/div>\n\t\t\t<\/div>\n\t\t\t\t\t\t\t<div class=\"elementor-cta__content\">\n\t\t\t\t\n\t\t\t\t<h2 class=\"elementor-cta__title elementor-cta__content-item elementor-content-item elementor-animated-item--grow\">Contorno<br>Labial<\/h2>\n\t\t\t\t\t\t\t\t\t<div class=\"elementor-cta__description elementor-cta__content-item elementor-content-item elementor-animated-item--grow\">\n\t\t\t\t\t\tLINHA L\u00c1BIOS\t\t\t\t\t<\/div>\n\t\t\t\t\n\t\t\t\t\t\t\t\t\t<div class=\"elementor-cta__button-wrapper elementor-cta__content-item elementor-content-item elementor-animated-item--grow\">\n\t\t\t\t\t<a class=\"elementor-cta__button elementor-button elementor-size-sm\" href=\"https:\/\/hospedagens.mtzhost.com.br\/sites\/htncard\/contorno-labial\/\">\n\t\t\t\t\t\tMais informa\u00e7\u00f5es\t\t\t\t\t<\/a>\n\t\t\t\t\t<\/div>\n\t\t\t\t\t\t\t<\/div>\n\t\t\t\t\t\t<\/div>\n\t\t\t\t\t\t<\/div>\n\t\t\t\t<\/div>\n\t\t\t\t<\/div>\n\t\t<div class=\"elementor-element elementor-element-707860d e-con-full e-flex lakit-col-width-auto-no e-container e-con e-child\" data-id=\"707860d\" data-element_type=\"container\">\n\t\t\t\t<div class=\"elementor-element elementor-element-833cd6f elementor-cta--skin-cover elementor-cta--valign-bottom elementor-bg-transform elementor-bg-transform-zoom-out elementor-widget__width-inherit elementor-animated-content elementor-widget elementor-widget-call-to-action\" data-id=\"833cd6f\" data-element_type=\"widget\" data-widget_type=\"call-to-action.default\">\n\t\t\t\t<div class=\"elementor-widget-container\">\n\t\t\t\t\t\t\t<div class=\"elementor-cta\">\n\t\t\t\t\t<div class=\"elementor-cta__bg-wrapper\">\n\t\t\t\t<div class=\"elementor-cta__bg elementor-bg\" style=\"background-image: url(https:\/\/hospedagens.mtzhost.com.br\/sites\/htncard\/wp-content\/uploads\/2025\/06\/Cosbrasil_Still-345678.jpg);\"><\/div>\n\t\t\t\t<div class=\"elementor-cta__bg-overlay\"><\/div>\n\t\t\t<\/div>\n\t\t\t\t\t\t\t<div class=\"elementor-cta__content\">\n\t\t\t\t\n\t\t\t\t<h2 class=\"elementor-cta__title elementor-cta__content-item elementor-content-item elementor-animated-item--grow\">L\u00e1pis<br>Batom<\/h2>\n\t\t\t\t\t\t\t\t\t<div class=\"elementor-cta__description elementor-cta__content-item elementor-content-item elementor-animated-item--grow\">\n\t\t\t\t\t\tLINHA L\u00c1BIOS\t\t\t\t\t<\/div>\n\t\t\t\t\n\t\t\t\t\t\t\t\t\t<div class=\"elementor-cta__button-wrapper elementor-cta__content-item elementor-content-item elementor-animated-item--grow\">\n\t\t\t\t\t<a class=\"elementor-cta__button elementor-button elementor-size-sm\" href=\"https:\/\/hospedagens.mtzhost.com.br\/sites\/htncard\/lapis-batom\/\">\n\t\t\t\t\t\tMais informa\u00e7\u00f5es\t\t\t\t\t<\/a>\n\t\t\t\t\t<\/div>\n\t\t\t\t\t\t\t<\/div>\n\t\t\t\t\t\t<\/div>\n\t\t\t\t\t\t<\/div>\n\t\t\t\t<\/div>\n\t\t\t\t<\/div>\n\t\t\t\t<\/div>\n\t\t\t\t<\/div>\n\t\t","protected":false},"excerpt":{"rendered":"<p>DelineadorRetr\u00e1til LINHA L\u00c1BIOS Mais informa\u00e7\u00f5es ContornoLabial LINHA L\u00c1BIOS Mais informa\u00e7\u00f5es L\u00e1pisBatom LINHA L\u00c1BIOS Mais informa\u00e7\u00f5es<\/p>\n","protected":false},"author":1,"featured_media":0,"parent":0,"menu_order":0,"comment_status":"closed","ping_status":"closed","template":"elementor_header_footer","meta":{"footnotes":""},"class_list":["post-3387","page","type-page","status-publish","hentry"],"_links":{"self":[{"href":"https:\/\/hospedagens.mtzhost.com.br\/sites\/htncard\/wp-json\/wp\/v2\/pages\/3387","targetHints":{"allow":["GET"]}}],"collection":[{"href":"https:\/\/hospedagens.mtzhost.com.br\/sites\/htncard\/wp-json\/wp\/v2\/pages"}],"about":[{"href":"https:\/\/hospedagens.mtzhost.com.br\/sites\/htncard\/wp-json\/wp\/v2\/types\/page"}],"author":[{"embeddable":true,"href":"https:\/\/hospedagens.mtzhost.com.br\/sites\/htncard\/wp-json\/wp\/v2\/users\/1"}],"replies":[{"embeddable":true,"href":"https:\/\/hospedagens.mtzhost.com.br\/sites\/htncard\/wp-json\/wp\/v2\/comments?post=3387"}],"version-history":[{"count":13,"href":"https:\/\/hospedagens.mtzhost.com.br\/sites\/htncard\/wp-json\/wp\/v2\/pages\/3387\/revisions"}],"predecessor-version":[{"id":3776,"href":"https:\/\/hospedagens.mtzhost.com.br\/sites\/htncard\/wp-json\/wp\/v2\/pages\/3387\/revisions\/3776"}],"wp:attachment":[{"href":"https:\/\/hospedagens.mtzhost.com.br\/sites\/htncard\/wp-json\/wp\/v2\/media?parent=3387"}],"curies":[{"name":"wp","href":"https:\/\/api.w.org\/{rel}","templated":true}]}}